{"id":928,"date":"2018-06-28T16:53:20","date_gmt":"2018-06-28T19:53:20","guid":{"rendered":"http:\/\/promoalge.com.br\/?post_type=product&#038;p=928"},"modified":"2018-06-28T16:53:20","modified_gmt":"2018-06-28T19:53:20","slug":"kit-queijo-pr7311","status":"publish","type":"product","link":"https:\/\/promoalge.com.br\/?product=kit-queijo-pr7311","title":{"rendered":"Kit Queijo &#8211; PR7311"},"content":{"rendered":"","protected":false},"excerpt":{"rendered":"<p>Kit queijo com 3 pe\u00e7a, cabo de madeira.Estojo de madeira com tampa, Grava\u00e7\u00e3o a laser na lamina dos talheres e serigrafia em 1 cor no estojo.<\/p>\n","protected":false},"featured_media":930,"template":"","meta":[],"product_brand":[],"product_cat":[49],"product_tag":[],"class_list":{"0":"post-928","1":"product","2":"type-product","3":"status-publish","4":"has-post-thumbnail","6":"product_cat-bar-queijo-vinhos","8":"first","9":"instock","10":"shipping-taxable","11":"product-type-simple"},"_links":{"self":[{"href":"https:\/\/promoalge.com.br\/index.php?rest_route=\/wp\/v2\/product\/928","targetHints":{"allow":["GET"]}}],"collection":[{"href":"https:\/\/promoalge.com.br\/index.php?rest_route=\/wp\/v2\/product"}],"about":[{"href":"https:\/\/promoalge.com.br\/index.php?rest_route=\/wp\/v2\/types\/product"}],"wp:featuredmedia":[{"embeddable":true,"href":"https:\/\/promoalge.com.br\/index.php?rest_route=\/wp\/v2\/media\/930"}],"wp:attachment":[{"href":"https:\/\/promoalge.com.br\/index.php?rest_route=%2Fwp%2Fv2%2Fmedia&parent=928"}],"wp:term":[{"taxonomy":"product_brand","embeddable":true,"href":"https:\/\/promoalge.com.br\/index.php?rest_route=%2Fwp%2Fv2%2Fproduct_brand&post=928"},{"taxonomy":"product_cat","embeddable":true,"href":"https:\/\/promoalge.com.br\/index.php?rest_route=%2Fwp%2Fv2%2Fproduct_cat&post=928"},{"taxonomy":"product_tag","embeddable":true,"href":"https:\/\/promoalge.com.br\/index.php?rest_route=%2Fwp%2Fv2%2Fproduct_tag&post=928"}],"curies":[{"name":"wp","href":"https:\/\/api.w.org\/{rel}","templated":true}]}}