{"id":9286,"date":"2024-11-19T15:02:25","date_gmt":"2024-11-19T18:02:25","guid":{"rendered":"https:\/\/promoalge.com.br\/?post_type=product&#038;p=9286"},"modified":"2024-11-19T15:02:25","modified_gmt":"2024-11-19T18:02:25","slug":"caneta-esferografica-em-bambu-pr-91775","status":"publish","type":"product","link":"https:\/\/promoalge.com.br\/?product=caneta-esferografica-em-bambu-pr-91775","title":{"rendered":"Caneta esferogr\u00e1fica em bambu &#8211; PR 91775"},"content":{"rendered":"","protected":false},"excerpt":{"rendered":"<p>Esferogr\u00e1fica em bambu e metal oferecida em estojo de bambu e ABS com acabamento cromado. Escrita em preto. Fornecido em caixa presente de papel kraft reciclado. A cor e o resultado da impress\u00e3o nos materiais naturais pode variar entre produtos. Esferogr\u00e1fica: \u00d812 x 136 mm | Estojo: 25 x 165 mm<\/p>\n<p>Quantidade minima de 50 unidades<\/p>\n","protected":false},"featured_media":9287,"template":"","meta":[],"product_brand":[],"product_cat":[346],"product_tag":[],"class_list":{"0":"post-9286","1":"product","2":"type-product","3":"status-publish","4":"has-post-thumbnail","6":"product_cat-canetas-metalicas","8":"first","9":"instock","10":"shipping-taxable","11":"product-type-simple"},"_links":{"self":[{"href":"https:\/\/promoalge.com.br\/index.php?rest_route=\/wp\/v2\/product\/9286","targetHints":{"allow":["GET"]}}],"collection":[{"href":"https:\/\/promoalge.com.br\/index.php?rest_route=\/wp\/v2\/product"}],"about":[{"href":"https:\/\/promoalge.com.br\/index.php?rest_route=\/wp\/v2\/types\/product"}],"wp:featuredmedia":[{"embeddable":true,"href":"https:\/\/promoalge.com.br\/index.php?rest_route=\/wp\/v2\/media\/9287"}],"wp:attachment":[{"href":"https:\/\/promoalge.com.br\/index.php?rest_route=%2Fwp%2Fv2%2Fmedia&parent=9286"}],"wp:term":[{"taxonomy":"product_brand","embeddable":true,"href":"https:\/\/promoalge.com.br\/index.php?rest_route=%2Fwp%2Fv2%2Fproduct_brand&post=9286"},{"taxonomy":"product_cat","embeddable":true,"href":"https:\/\/promoalge.com.br\/index.php?rest_route=%2Fwp%2Fv2%2Fproduct_cat&post=9286"},{"taxonomy":"product_tag","embeddable":true,"href":"https:\/\/promoalge.com.br\/index.php?rest_route=%2Fwp%2Fv2%2Fproduct_tag&post=9286"}],"curies":[{"name":"wp","href":"https:\/\/api.w.org\/{rel}","templated":true}]}}