{"id":9292,"date":"2024-11-19T15:08:34","date_gmt":"2024-11-19T18:08:34","guid":{"rendered":"https:\/\/promoalge.com.br\/?post_type=product&#038;p=9292"},"modified":"2024-11-19T15:08:34","modified_gmt":"2024-11-19T18:08:34","slug":"caneta-esferografica-em-cortica-pr-91788","status":"publish","type":"product","link":"https:\/\/promoalge.com.br\/?product=caneta-esferografica-em-cortica-pr-91788","title":{"rendered":"Caneta esferogr\u00e1fica em corti\u00e7a &#8211; PR 91788"},"content":{"rendered":"","protected":false},"excerpt":{"rendered":"<p>Esferogr\u00e1fica com corpo em corti\u00e7a e clipe de metal. A esferogr\u00e1fica tem escrita em azul e mecanismo twist. Fornecida numa bolsa presente em corti\u00e7a. A cor e o resultado da impress\u00e3o nos materiais naturais pode variar entre produtos. \u00f811 x 137 mm | Bolsa: 155 x 40 mm<\/p>\n<p>Quantidade minima de 50 unidades<\/p>\n","protected":false},"featured_media":9293,"template":"","meta":[],"product_brand":[],"product_cat":[346],"product_tag":[],"class_list":{"0":"post-9292","1":"product","2":"type-product","3":"status-publish","4":"has-post-thumbnail","6":"product_cat-canetas-metalicas","8":"first","9":"instock","10":"shipping-taxable","11":"product-type-simple"},"_links":{"self":[{"href":"https:\/\/promoalge.com.br\/index.php?rest_route=\/wp\/v2\/product\/9292","targetHints":{"allow":["GET"]}}],"collection":[{"href":"https:\/\/promoalge.com.br\/index.php?rest_route=\/wp\/v2\/product"}],"about":[{"href":"https:\/\/promoalge.com.br\/index.php?rest_route=\/wp\/v2\/types\/product"}],"wp:featuredmedia":[{"embeddable":true,"href":"https:\/\/promoalge.com.br\/index.php?rest_route=\/wp\/v2\/media\/9293"}],"wp:attachment":[{"href":"https:\/\/promoalge.com.br\/index.php?rest_route=%2Fwp%2Fv2%2Fmedia&parent=9292"}],"wp:term":[{"taxonomy":"product_brand","embeddable":true,"href":"https:\/\/promoalge.com.br\/index.php?rest_route=%2Fwp%2Fv2%2Fproduct_brand&post=9292"},{"taxonomy":"product_cat","embeddable":true,"href":"https:\/\/promoalge.com.br\/index.php?rest_route=%2Fwp%2Fv2%2Fproduct_cat&post=9292"},{"taxonomy":"product_tag","embeddable":true,"href":"https:\/\/promoalge.com.br\/index.php?rest_route=%2Fwp%2Fv2%2Fproduct_tag&post=9292"}],"curies":[{"name":"wp","href":"https:\/\/api.w.org\/{rel}","templated":true}]}}