{"id":9308,"date":"2024-11-19T15:30:07","date_gmt":"2024-11-19T18:30:07","guid":{"rendered":"https:\/\/promoalge.com.br\/?post_type=product&#038;p=9308"},"modified":"2024-11-19T15:30:07","modified_gmt":"2024-11-19T18:30:07","slug":"caneta-metal-touch-pr-14949","status":"publish","type":"product","link":"https:\/\/promoalge.com.br\/?product=caneta-metal-touch-pr-14949","title":{"rendered":"Caneta metal touch &#8211; PR 14949"},"content":{"rendered":"","protected":false},"excerpt":{"rendered":"<p>Descri\u00e7\u00e3o: Caneta met\u00e1lica com touch screen, carga esferogr\u00e1fica azul 1.0mm e acionamento por clique. Ao ser personalizada a laser, o corpo da caneta adotar\u00e1 a mesma cor da borracha touch, com a exce\u00e7\u00e3o da cor preta, que permanecer\u00e1 em prata.<\/p>\n<p>Largura :  1,4 cm<\/p>\n<p>Circunfer\u00eancia :  3,3 cm<\/p>\n<p>Comprimento :  14,7 cm<\/p>\n<p>Quantidade minima de 50 unidades<\/p>\n","protected":false},"featured_media":9309,"template":"","meta":[],"product_brand":[],"product_cat":[346],"product_tag":[],"class_list":{"0":"post-9308","1":"product","2":"type-product","3":"status-publish","4":"has-post-thumbnail","6":"product_cat-canetas-metalicas","8":"first","9":"instock","10":"shipping-taxable","11":"product-type-simple"},"_links":{"self":[{"href":"https:\/\/promoalge.com.br\/index.php?rest_route=\/wp\/v2\/product\/9308","targetHints":{"allow":["GET"]}}],"collection":[{"href":"https:\/\/promoalge.com.br\/index.php?rest_route=\/wp\/v2\/product"}],"about":[{"href":"https:\/\/promoalge.com.br\/index.php?rest_route=\/wp\/v2\/types\/product"}],"wp:featuredmedia":[{"embeddable":true,"href":"https:\/\/promoalge.com.br\/index.php?rest_route=\/wp\/v2\/media\/9309"}],"wp:attachment":[{"href":"https:\/\/promoalge.com.br\/index.php?rest_route=%2Fwp%2Fv2%2Fmedia&parent=9308"}],"wp:term":[{"taxonomy":"product_brand","embeddable":true,"href":"https:\/\/promoalge.com.br\/index.php?rest_route=%2Fwp%2Fv2%2Fproduct_brand&post=9308"},{"taxonomy":"product_cat","embeddable":true,"href":"https:\/\/promoalge.com.br\/index.php?rest_route=%2Fwp%2Fv2%2Fproduct_cat&post=9308"},{"taxonomy":"product_tag","embeddable":true,"href":"https:\/\/promoalge.com.br\/index.php?rest_route=%2Fwp%2Fv2%2Fproduct_tag&post=9308"}],"curies":[{"name":"wp","href":"https:\/\/api.w.org\/{rel}","templated":true}]}}