{"id":9312,"date":"2024-11-19T15:35:38","date_gmt":"2024-11-19T18:35:38","guid":{"rendered":"https:\/\/promoalge.com.br\/?post_type=product&#038;p=9312"},"modified":"2024-11-19T15:35:38","modified_gmt":"2024-11-19T18:35:38","slug":"caneta-metal-pr-a1801","status":"publish","type":"product","link":"https:\/\/promoalge.com.br\/?product=caneta-metal-pr-a1801","title":{"rendered":"Caneta metal &#8211; PR A1801"},"content":{"rendered":"","protected":false},"excerpt":{"rendered":"<p>Descri\u00e7\u00e3o: Caneta met\u00e1lica com carga esferogr\u00e1fica azul 1.0mm e acionamento por rota\u00e7\u00e3o.<\/p>\n<p>Largura :  1 cm<\/p>\n<p>Comprimento :  13,1 cm<\/p>\n<p>Medidas aproximadas para grava\u00e7\u00e3o (CxL):  0,5 cm x 4,5 cm<\/p>\n<p>Quantidade minima de 50 unidades <\/p>\n","protected":false},"featured_media":9313,"template":"","meta":[],"product_brand":[],"product_cat":[346],"product_tag":[],"class_list":{"0":"post-9312","1":"product","2":"type-product","3":"status-publish","4":"has-post-thumbnail","6":"product_cat-canetas-metalicas","8":"first","9":"instock","10":"shipping-taxable","11":"product-type-simple"},"_links":{"self":[{"href":"https:\/\/promoalge.com.br\/index.php?rest_route=\/wp\/v2\/product\/9312","targetHints":{"allow":["GET"]}}],"collection":[{"href":"https:\/\/promoalge.com.br\/index.php?rest_route=\/wp\/v2\/product"}],"about":[{"href":"https:\/\/promoalge.com.br\/index.php?rest_route=\/wp\/v2\/types\/product"}],"wp:featuredmedia":[{"embeddable":true,"href":"https:\/\/promoalge.com.br\/index.php?rest_route=\/wp\/v2\/media\/9313"}],"wp:attachment":[{"href":"https:\/\/promoalge.com.br\/index.php?rest_route=%2Fwp%2Fv2%2Fmedia&parent=9312"}],"wp:term":[{"taxonomy":"product_brand","embeddable":true,"href":"https:\/\/promoalge.com.br\/index.php?rest_route=%2Fwp%2Fv2%2Fproduct_brand&post=9312"},{"taxonomy":"product_cat","embeddable":true,"href":"https:\/\/promoalge.com.br\/index.php?rest_route=%2Fwp%2Fv2%2Fproduct_cat&post=9312"},{"taxonomy":"product_tag","embeddable":true,"href":"https:\/\/promoalge.com.br\/index.php?rest_route=%2Fwp%2Fv2%2Fproduct_tag&post=9312"}],"curies":[{"name":"wp","href":"https:\/\/api.w.org\/{rel}","templated":true}]}}