{"id":9326,"date":"2024-11-19T15:49:41","date_gmt":"2024-11-19T18:49:41","guid":{"rendered":"https:\/\/promoalge.com.br\/?post_type=product&#038;p=9326"},"modified":"2024-11-19T15:50:04","modified_gmt":"2024-11-19T18:50:04","slug":"fita-metrica-plastica-de-15m","status":"publish","type":"product","link":"https:\/\/promoalge.com.br\/?product=fita-metrica-plastica-de-15m","title":{"rendered":"Fita metrica plastica de 1,5m &#8211; PR 18734"},"content":{"rendered":"","protected":false},"excerpt":{"rendered":"<p>Descri\u00e7\u00e3o: Fita m\u00e9trica de 1,50 metro em pl\u00e1stico redondo, frente lisa e verso com bot\u00e3o (trava). Acompanha chaveiro.<\/p>\n<p>Altura :  5,7 cm<\/p>\n<p>Largura :  5,1 cm<\/p>\n<p>Espessura :  1,4 cm<\/p>\n<p>Quantidade minima de 50 unidades<\/p>\n","protected":false},"featured_media":9327,"template":"","meta":[],"product_brand":[],"product_cat":[411],"product_tag":[],"class_list":{"0":"post-9326","1":"product","2":"type-product","3":"status-publish","4":"has-post-thumbnail","6":"product_cat-ferramentas","8":"first","9":"instock","10":"shipping-taxable","11":"product-type-simple"},"_links":{"self":[{"href":"https:\/\/promoalge.com.br\/index.php?rest_route=\/wp\/v2\/product\/9326","targetHints":{"allow":["GET"]}}],"collection":[{"href":"https:\/\/promoalge.com.br\/index.php?rest_route=\/wp\/v2\/product"}],"about":[{"href":"https:\/\/promoalge.com.br\/index.php?rest_route=\/wp\/v2\/types\/product"}],"wp:featuredmedia":[{"embeddable":true,"href":"https:\/\/promoalge.com.br\/index.php?rest_route=\/wp\/v2\/media\/9327"}],"wp:attachment":[{"href":"https:\/\/promoalge.com.br\/index.php?rest_route=%2Fwp%2Fv2%2Fmedia&parent=9326"}],"wp:term":[{"taxonomy":"product_brand","embeddable":true,"href":"https:\/\/promoalge.com.br\/index.php?rest_route=%2Fwp%2Fv2%2Fproduct_brand&post=9326"},{"taxonomy":"product_cat","embeddable":true,"href":"https:\/\/promoalge.com.br\/index.php?rest_route=%2Fwp%2Fv2%2Fproduct_cat&post=9326"},{"taxonomy":"product_tag","embeddable":true,"href":"https:\/\/promoalge.com.br\/index.php?rest_route=%2Fwp%2Fv2%2Fproduct_tag&post=9326"}],"curies":[{"name":"wp","href":"https:\/\/api.w.org\/{rel}","templated":true}]}}