{"id":9328,"date":"2024-11-19T15:52:07","date_gmt":"2024-11-19T18:52:07","guid":{"rendered":"https:\/\/promoalge.com.br\/?post_type=product&#038;p=9328"},"modified":"2025-08-07T17:24:03","modified_gmt":"2025-08-07T20:24:03","slug":"kit-ferramentas-pr-05081","status":"publish","type":"product","link":"https:\/\/promoalge.com.br\/?product=kit-ferramentas-pr-05081","title":{"rendered":"Kit ferramentas &#8211; PR 05081"},"content":{"rendered":"","protected":false},"excerpt":{"rendered":"<p>Descri\u00e7\u00e3o: Kit ferramenta 8 pe\u00e7as em estojo de polietileno com trava de seguran\u00e7a. Acompanha: chave Philips e chave de fenda com ponteira magn\u00e9tica, trena de 3 metros, chave teste, estilete, alicate, fita isolante e chave inglesa.<\/p>\n<p>Altura :  15,6 cm<\/p>\n<p>Largura :  25 cm<\/p>\n<p>Espessura :  6,9 cm<\/p>\n<p>Quantidade minima de 50 unidades<\/p>\n","protected":false},"featured_media":9329,"template":"","meta":[],"product_brand":[],"product_cat":[411],"product_tag":[],"class_list":{"0":"post-9328","1":"product","2":"type-product","3":"status-publish","4":"has-post-thumbnail","6":"product_cat-ferramentas","8":"first","9":"instock","10":"shipping-taxable","11":"product-type-simple"},"_links":{"self":[{"href":"https:\/\/promoalge.com.br\/index.php?rest_route=\/wp\/v2\/product\/9328","targetHints":{"allow":["GET"]}}],"collection":[{"href":"https:\/\/promoalge.com.br\/index.php?rest_route=\/wp\/v2\/product"}],"about":[{"href":"https:\/\/promoalge.com.br\/index.php?rest_route=\/wp\/v2\/types\/product"}],"wp:featuredmedia":[{"embeddable":true,"href":"https:\/\/promoalge.com.br\/index.php?rest_route=\/wp\/v2\/media\/9329"}],"wp:attachment":[{"href":"https:\/\/promoalge.com.br\/index.php?rest_route=%2Fwp%2Fv2%2Fmedia&parent=9328"}],"wp:term":[{"taxonomy":"product_brand","embeddable":true,"href":"https:\/\/promoalge.com.br\/index.php?rest_route=%2Fwp%2Fv2%2Fproduct_brand&post=9328"},{"taxonomy":"product_cat","embeddable":true,"href":"https:\/\/promoalge.com.br\/index.php?rest_route=%2Fwp%2Fv2%2Fproduct_cat&post=9328"},{"taxonomy":"product_tag","embeddable":true,"href":"https:\/\/promoalge.com.br\/index.php?rest_route=%2Fwp%2Fv2%2Fproduct_tag&post=9328"}],"curies":[{"name":"wp","href":"https:\/\/api.w.org\/{rel}","templated":true}]}}