{"id":9340,"date":"2024-11-19T16:03:21","date_gmt":"2024-11-19T19:03:21","guid":{"rendered":"https:\/\/promoalge.com.br\/?post_type=product&#038;p=9340"},"modified":"2025-04-08T17:57:11","modified_gmt":"2025-04-08T20:57:11","slug":"kit-manicure-pr-06040","status":"publish","type":"product","link":"https:\/\/promoalge.com.br\/?product=kit-manicure-pr-06040","title":{"rendered":"Kit manicure &#8211; PR 06040"},"content":{"rendered":"","protected":false},"excerpt":{"rendered":"<p>Descri\u00e7\u00e3o: Kit manicure 7 pe\u00e7as em estojo de couro sint\u00e9tico. Cont\u00e9m: tesoura, 2 cortadores de unha, pin\u00e7a, lixa, empurrador de cut\u00edcula e esp\u00e1tula para ouvido.<\/p>\n<p>Altura :  8,9 cm<\/p>\n<p>Largura :  7,3 cm<\/p>\n<p>Quantidade minima de 50 unidades<\/p>\n","protected":false},"featured_media":9341,"template":"","meta":[],"product_brand":[],"product_cat":[413],"product_tag":[],"class_list":{"0":"post-9340","1":"product","2":"type-product","3":"status-publish","4":"has-post-thumbnail","6":"product_cat-linha-feminina","8":"first","9":"instock","10":"shipping-taxable","11":"product-type-simple"},"_links":{"self":[{"href":"https:\/\/promoalge.com.br\/index.php?rest_route=\/wp\/v2\/product\/9340","targetHints":{"allow":["GET"]}}],"collection":[{"href":"https:\/\/promoalge.com.br\/index.php?rest_route=\/wp\/v2\/product"}],"about":[{"href":"https:\/\/promoalge.com.br\/index.php?rest_route=\/wp\/v2\/types\/product"}],"wp:featuredmedia":[{"embeddable":true,"href":"https:\/\/promoalge.com.br\/index.php?rest_route=\/wp\/v2\/media\/9341"}],"wp:attachment":[{"href":"https:\/\/promoalge.com.br\/index.php?rest_route=%2Fwp%2Fv2%2Fmedia&parent=9340"}],"wp:term":[{"taxonomy":"product_brand","embeddable":true,"href":"https:\/\/promoalge.com.br\/index.php?rest_route=%2Fwp%2Fv2%2Fproduct_brand&post=9340"},{"taxonomy":"product_cat","embeddable":true,"href":"https:\/\/promoalge.com.br\/index.php?rest_route=%2Fwp%2Fv2%2Fproduct_cat&post=9340"},{"taxonomy":"product_tag","embeddable":true,"href":"https:\/\/promoalge.com.br\/index.php?rest_route=%2Fwp%2Fv2%2Fproduct_tag&post=9340"}],"curies":[{"name":"wp","href":"https:\/\/api.w.org\/{rel}","templated":true}]}}