{"id":9342,"date":"2024-11-19T16:05:13","date_gmt":"2024-11-19T19:05:13","guid":{"rendered":"https:\/\/promoalge.com.br\/?post_type=product&#038;p=9342"},"modified":"2025-04-08T17:57:00","modified_gmt":"2025-04-08T20:57:00","slug":"kit-manicure-pr-18724","status":"publish","type":"product","link":"https:\/\/promoalge.com.br\/?product=kit-manicure-pr-18724","title":{"rendered":"Kit manicure &#8211; PR 18724"},"content":{"rendered":"","protected":false},"excerpt":{"rendered":"<p>Descri\u00e7\u00e3o: Kit manicure 16 pe\u00e7as em estojo de couro sint\u00e9tico estilo envelope, cont\u00e9m: tesoura, alicate de cut\u00edcula, pin\u00e7a, 3 cortadores de unha, lixa, 2 bisturis, raspador, empurrador de cut\u00edcula, removedor de cut\u00edcula, esp\u00e1tula dupla para limpeza das unhas, limpador de ouvido, palito de unha e esp\u00e1tula para ouvido.<\/p>\n<p>Largura :  13,8 cm<\/p>\n<p>Espessura :  1,6 cm<\/p>\n<p>Comprimento :  10,7 cm<\/p>\n<p>Quantidade minima de 50 unidades<\/p>\n","protected":false},"featured_media":9343,"template":"","meta":[],"product_brand":[],"product_cat":[413],"product_tag":[],"class_list":{"0":"post-9342","1":"product","2":"type-product","3":"status-publish","4":"has-post-thumbnail","6":"product_cat-linha-feminina","8":"first","9":"instock","10":"shipping-taxable","11":"product-type-simple"},"_links":{"self":[{"href":"https:\/\/promoalge.com.br\/index.php?rest_route=\/wp\/v2\/product\/9342","targetHints":{"allow":["GET"]}}],"collection":[{"href":"https:\/\/promoalge.com.br\/index.php?rest_route=\/wp\/v2\/product"}],"about":[{"href":"https:\/\/promoalge.com.br\/index.php?rest_route=\/wp\/v2\/types\/product"}],"wp:featuredmedia":[{"embeddable":true,"href":"https:\/\/promoalge.com.br\/index.php?rest_route=\/wp\/v2\/media\/9343"}],"wp:attachment":[{"href":"https:\/\/promoalge.com.br\/index.php?rest_route=%2Fwp%2Fv2%2Fmedia&parent=9342"}],"wp:term":[{"taxonomy":"product_brand","embeddable":true,"href":"https:\/\/promoalge.com.br\/index.php?rest_route=%2Fwp%2Fv2%2Fproduct_brand&post=9342"},{"taxonomy":"product_cat","embeddable":true,"href":"https:\/\/promoalge.com.br\/index.php?rest_route=%2Fwp%2Fv2%2Fproduct_cat&post=9342"},{"taxonomy":"product_tag","embeddable":true,"href":"https:\/\/promoalge.com.br\/index.php?rest_route=%2Fwp%2Fv2%2Fproduct_tag&post=9342"}],"curies":[{"name":"wp","href":"https:\/\/api.w.org\/{rel}","templated":true}]}}