{"id":9344,"date":"2024-11-19T16:06:40","date_gmt":"2024-11-19T19:06:40","guid":{"rendered":"https:\/\/promoalge.com.br\/?post_type=product&#038;p=9344"},"modified":"2025-04-08T17:56:52","modified_gmt":"2025-04-08T20:56:52","slug":"espelho-duplo-pr-18831","status":"publish","type":"product","link":"https:\/\/promoalge.com.br\/?product=espelho-duplo-pr-18831","title":{"rendered":"Espelho duplo &#8211; PR 18831"},"content":{"rendered":"","protected":false},"excerpt":{"rendered":"<p>Descri\u00e7\u00e3o: Realce a beleza com nosso espelho duplo! Com uma face convencional e outra com aumento, ele \u00e9 perfeito para conferir o visual ou caprichar na make. Seu revestimento em PU oferece praticidade e um toque sofisticado para os cuidados di\u00e1rios.<\/p>\n<p>Altura :  2,1 cm<\/p>\n<p>Largura :  8,5 cm<\/p>\n<p>Espessura :  2,1 cm<\/p>\n<p>Quantidade minima de 50 unidades<\/p>\n","protected":false},"featured_media":9345,"template":"","meta":[],"product_brand":[],"product_cat":[413],"product_tag":[],"class_list":{"0":"post-9344","1":"product","2":"type-product","3":"status-publish","4":"has-post-thumbnail","6":"product_cat-linha-feminina","8":"first","9":"instock","10":"shipping-taxable","11":"product-type-simple"},"_links":{"self":[{"href":"https:\/\/promoalge.com.br\/index.php?rest_route=\/wp\/v2\/product\/9344","targetHints":{"allow":["GET"]}}],"collection":[{"href":"https:\/\/promoalge.com.br\/index.php?rest_route=\/wp\/v2\/product"}],"about":[{"href":"https:\/\/promoalge.com.br\/index.php?rest_route=\/wp\/v2\/types\/product"}],"wp:featuredmedia":[{"embeddable":true,"href":"https:\/\/promoalge.com.br\/index.php?rest_route=\/wp\/v2\/media\/9345"}],"wp:attachment":[{"href":"https:\/\/promoalge.com.br\/index.php?rest_route=%2Fwp%2Fv2%2Fmedia&parent=9344"}],"wp:term":[{"taxonomy":"product_brand","embeddable":true,"href":"https:\/\/promoalge.com.br\/index.php?rest_route=%2Fwp%2Fv2%2Fproduct_brand&post=9344"},{"taxonomy":"product_cat","embeddable":true,"href":"https:\/\/promoalge.com.br\/index.php?rest_route=%2Fwp%2Fv2%2Fproduct_cat&post=9344"},{"taxonomy":"product_tag","embeddable":true,"href":"https:\/\/promoalge.com.br\/index.php?rest_route=%2Fwp%2Fv2%2Fproduct_tag&post=9344"}],"curies":[{"name":"wp","href":"https:\/\/api.w.org\/{rel}","templated":true}]}}