{"id":9352,"date":"2024-12-10T13:44:36","date_gmt":"2024-12-10T16:44:36","guid":{"rendered":"https:\/\/promoalge.com.br\/?post_type=product&#038;p=9352"},"modified":"2025-08-07T17:23:59","modified_gmt":"2025-08-07T20:23:59","slug":"porta-garrafa-termico-duplo-pr-18865","status":"publish","type":"product","link":"https:\/\/promoalge.com.br\/?product=porta-garrafa-termico-duplo-pr-18865","title":{"rendered":"Porta Garrafa T\u00e9rmico Duplo &#8211; PR 18865"},"content":{"rendered":"","protected":false},"excerpt":{"rendered":"<p>Descri\u00e7\u00e3o: Bebidas geladinhas e frescas por muito mais tempo! O nosso porta garrafas t\u00e9rmico \u00e9 excelente para garantir a temperatura das bebidas em qualquer lugar. Feito em nylon com detalhes em couro sint\u00e9tico, cont\u00e9m divis\u00f3ria integrada \u00e0 bolsa. Ele comporta at\u00e9 duas garrafas e ainda conta com um suporte para abridor ou outros acess\u00f3rios. Al\u00e9m disso, vem com al\u00e7a de m\u00e3o e al\u00e7a de ombro ajust\u00e1vel e remov\u00edvel para maior conforto e praticidade. E para torn\u00e1-lo ainda mais especial, oferece espa\u00e7o para personaliza\u00e7\u00e3o, deixando-o porta-garrafa \u00fanico e exclusivo.<\/p>\n<p>Altura :  33,5 cm<\/p>\n<p>Largura :  21,3 cm<\/p>\n<p>Profundidade :  15,5 cm<\/p>\n<p>Comprimento :  Al\u00e7a: 63,5 cm<\/p>\n<p>Quantidade minima de 50 unidades<\/p>\n","protected":false},"featured_media":9353,"template":"","meta":[],"product_brand":[],"product_cat":[49],"product_tag":[],"class_list":{"0":"post-9352","1":"product","2":"type-product","3":"status-publish","4":"has-post-thumbnail","6":"product_cat-bar-queijo-vinhos","8":"first","9":"instock","10":"shipping-taxable","11":"product-type-simple"},"_links":{"self":[{"href":"https:\/\/promoalge.com.br\/index.php?rest_route=\/wp\/v2\/product\/9352","targetHints":{"allow":["GET"]}}],"collection":[{"href":"https:\/\/promoalge.com.br\/index.php?rest_route=\/wp\/v2\/product"}],"about":[{"href":"https:\/\/promoalge.com.br\/index.php?rest_route=\/wp\/v2\/types\/product"}],"wp:featuredmedia":[{"embeddable":true,"href":"https:\/\/promoalge.com.br\/index.php?rest_route=\/wp\/v2\/media\/9353"}],"wp:attachment":[{"href":"https:\/\/promoalge.com.br\/index.php?rest_route=%2Fwp%2Fv2%2Fmedia&parent=9352"}],"wp:term":[{"taxonomy":"product_brand","embeddable":true,"href":"https:\/\/promoalge.com.br\/index.php?rest_route=%2Fwp%2Fv2%2Fproduct_brand&post=9352"},{"taxonomy":"product_cat","embeddable":true,"href":"https:\/\/promoalge.com.br\/index.php?rest_route=%2Fwp%2Fv2%2Fproduct_cat&post=9352"},{"taxonomy":"product_tag","embeddable":true,"href":"https:\/\/promoalge.com.br\/index.php?rest_route=%2Fwp%2Fv2%2Fproduct_tag&post=9352"}],"curies":[{"name":"wp","href":"https:\/\/api.w.org\/{rel}","templated":true}]}}