{"id":9356,"date":"2024-12-10T13:50:48","date_gmt":"2024-12-10T16:50:48","guid":{"rendered":"https:\/\/promoalge.com.br\/?post_type=product&#038;p=9356"},"modified":"2025-08-07T17:23:56","modified_gmt":"2025-08-07T20:23:56","slug":"kit-vinho-com-jogo-de-baralho-pr-08128","status":"publish","type":"product","link":"https:\/\/promoalge.com.br\/?product=kit-vinho-com-jogo-de-baralho-pr-08128","title":{"rendered":"Kit Vinho com Jogo de Baralho &#8211; PR 08128"},"content":{"rendered":"","protected":false},"excerpt":{"rendered":"<p>Descri\u00e7\u00e3o: Se divirta enquanto degusta um bom vinho! Nosso kit vinho com 4 pe\u00e7as vem em um estojo feito em MDF com trava de seguran\u00e7a e \u00e1rea interna com ber\u00e7o de espuma. Cont\u00e9m wine collar, tampa de bico, bico condutor com tampa e saca-rolhas met\u00e1lico com l\u00e2mina de corte e abridor de garrafa. Acompanham ainda 2 baralhos completos + 2 dados para uma noite completa de jogos, e uma plaquinha met\u00e1lica para personaliza\u00e7\u00e3o. Azar \u00e9 ainda n\u00e3o ter um kit desse!<\/p>\n<p>Altura :  4,6 cm<\/p>\n<p>Largura :  14,7 cm<\/p>\n<p>Comprimento :  16,7 cm<\/p>\n<p>Quantidade minima de 50 unidades<\/p>\n","protected":false},"featured_media":9357,"template":"","meta":[],"product_brand":[],"product_cat":[49],"product_tag":[],"class_list":{"0":"post-9356","1":"product","2":"type-product","3":"status-publish","4":"has-post-thumbnail","6":"product_cat-bar-queijo-vinhos","8":"first","9":"instock","10":"shipping-taxable","11":"product-type-simple"},"_links":{"self":[{"href":"https:\/\/promoalge.com.br\/index.php?rest_route=\/wp\/v2\/product\/9356","targetHints":{"allow":["GET"]}}],"collection":[{"href":"https:\/\/promoalge.com.br\/index.php?rest_route=\/wp\/v2\/product"}],"about":[{"href":"https:\/\/promoalge.com.br\/index.php?rest_route=\/wp\/v2\/types\/product"}],"wp:featuredmedia":[{"embeddable":true,"href":"https:\/\/promoalge.com.br\/index.php?rest_route=\/wp\/v2\/media\/9357"}],"wp:attachment":[{"href":"https:\/\/promoalge.com.br\/index.php?rest_route=%2Fwp%2Fv2%2Fmedia&parent=9356"}],"wp:term":[{"taxonomy":"product_brand","embeddable":true,"href":"https:\/\/promoalge.com.br\/index.php?rest_route=%2Fwp%2Fv2%2Fproduct_brand&post=9356"},{"taxonomy":"product_cat","embeddable":true,"href":"https:\/\/promoalge.com.br\/index.php?rest_route=%2Fwp%2Fv2%2Fproduct_cat&post=9356"},{"taxonomy":"product_tag","embeddable":true,"href":"https:\/\/promoalge.com.br\/index.php?rest_route=%2Fwp%2Fv2%2Fproduct_tag&post=9356"}],"curies":[{"name":"wp","href":"https:\/\/api.w.org\/{rel}","templated":true}]}}