{"id":9365,"date":"2024-12-10T14:01:45","date_gmt":"2024-12-10T17:01:45","guid":{"rendered":"https:\/\/promoalge.com.br\/?post_type=product&#038;p=9365"},"modified":"2024-12-10T14:01:45","modified_gmt":"2024-12-10T17:01:45","slug":"kit-vinho-6-pecas-pr-14579","status":"publish","type":"product","link":"https:\/\/promoalge.com.br\/?product=kit-vinho-6-pecas-pr-14579","title":{"rendered":"Kit Vinho 6 Pe\u00e7as &#8211; PR 14579"},"content":{"rendered":"","protected":false},"excerpt":{"rendered":"<p>Descri\u00e7\u00e3o: Kit vinho 6 pe\u00e7as em cepo de madeira, cont\u00e9m tampa de bico, bico condutor com tampa, term\u00f4metro, dois wine collars e saca rolhas met\u00e1lico com abridor e l\u00e2mina de corte.<\/p>\n<p>Altura :  21,3 cm<\/p>\n<p>Largura :  6,7 cm<\/p>\n<p>Espessura :  6,7 cm<\/p>\n<p>Quantidade minima de 50 unidades<\/p>\n","protected":false},"featured_media":9366,"template":"","meta":[],"product_brand":[],"product_cat":[49],"product_tag":[],"class_list":{"0":"post-9365","1":"product","2":"type-product","3":"status-publish","4":"has-post-thumbnail","6":"product_cat-bar-queijo-vinhos","8":"first","9":"instock","10":"shipping-taxable","11":"product-type-simple"},"_links":{"self":[{"href":"https:\/\/promoalge.com.br\/index.php?rest_route=\/wp\/v2\/product\/9365","targetHints":{"allow":["GET"]}}],"collection":[{"href":"https:\/\/promoalge.com.br\/index.php?rest_route=\/wp\/v2\/product"}],"about":[{"href":"https:\/\/promoalge.com.br\/index.php?rest_route=\/wp\/v2\/types\/product"}],"wp:featuredmedia":[{"embeddable":true,"href":"https:\/\/promoalge.com.br\/index.php?rest_route=\/wp\/v2\/media\/9366"}],"wp:attachment":[{"href":"https:\/\/promoalge.com.br\/index.php?rest_route=%2Fwp%2Fv2%2Fmedia&parent=9365"}],"wp:term":[{"taxonomy":"product_brand","embeddable":true,"href":"https:\/\/promoalge.com.br\/index.php?rest_route=%2Fwp%2Fv2%2Fproduct_brand&post=9365"},{"taxonomy":"product_cat","embeddable":true,"href":"https:\/\/promoalge.com.br\/index.php?rest_route=%2Fwp%2Fv2%2Fproduct_cat&post=9365"},{"taxonomy":"product_tag","embeddable":true,"href":"https:\/\/promoalge.com.br\/index.php?rest_route=%2Fwp%2Fv2%2Fproduct_tag&post=9365"}],"curies":[{"name":"wp","href":"https:\/\/api.w.org\/{rel}","templated":true}]}}