{"id":9369,"date":"2024-12-10T14:10:30","date_gmt":"2024-12-10T17:10:30","guid":{"rendered":"https:\/\/promoalge.com.br\/?post_type=product&#038;p=9369"},"modified":"2024-12-10T14:10:30","modified_gmt":"2024-12-10T17:10:30","slug":"umidificador-com-led-pr-06002","status":"publish","type":"product","link":"https:\/\/promoalge.com.br\/?product=umidificador-com-led-pr-06002","title":{"rendered":"Umidificador com LED &#8211; PR 06002"},"content":{"rendered":"","protected":false},"excerpt":{"rendered":"<p>Descri\u00e7\u00e3o: Umidificador de ar com LED, possui reservat\u00f3rio de \u00e1gua com capacidade de 350ml, dois n\u00edveis de n\u00e9voa, cont\u00ednua e com oscila\u00e7\u00e3o. Acompanha filtro de algod\u00e3o e cabo USB V8.<\/p>\n<p>Altura :  11,6 cm<\/p>\n<p>Largura :  7,7 cm<\/p>\n<p>Circunfer\u00eancia :  23,8 cm<\/p>\n<p>Comprimento :  cabo:47,7 cm<\/p>\n<p>Quantidade minima de 50 unidades<\/p>\n","protected":false},"featured_media":9370,"template":"","meta":[],"product_brand":[],"product_cat":[353],"product_tag":[],"class_list":{"0":"post-9369","1":"product","2":"type-product","3":"status-publish","4":"has-post-thumbnail","6":"product_cat-diversos","8":"first","9":"instock","10":"shipping-taxable","11":"product-type-simple"},"_links":{"self":[{"href":"https:\/\/promoalge.com.br\/index.php?rest_route=\/wp\/v2\/product\/9369","targetHints":{"allow":["GET"]}}],"collection":[{"href":"https:\/\/promoalge.com.br\/index.php?rest_route=\/wp\/v2\/product"}],"about":[{"href":"https:\/\/promoalge.com.br\/index.php?rest_route=\/wp\/v2\/types\/product"}],"wp:featuredmedia":[{"embeddable":true,"href":"https:\/\/promoalge.com.br\/index.php?rest_route=\/wp\/v2\/media\/9370"}],"wp:attachment":[{"href":"https:\/\/promoalge.com.br\/index.php?rest_route=%2Fwp%2Fv2%2Fmedia&parent=9369"}],"wp:term":[{"taxonomy":"product_brand","embeddable":true,"href":"https:\/\/promoalge.com.br\/index.php?rest_route=%2Fwp%2Fv2%2Fproduct_brand&post=9369"},{"taxonomy":"product_cat","embeddable":true,"href":"https:\/\/promoalge.com.br\/index.php?rest_route=%2Fwp%2Fv2%2Fproduct_cat&post=9369"},{"taxonomy":"product_tag","embeddable":true,"href":"https:\/\/promoalge.com.br\/index.php?rest_route=%2Fwp%2Fv2%2Fproduct_tag&post=9369"}],"curies":[{"name":"wp","href":"https:\/\/api.w.org\/{rel}","templated":true}]}}