{"id":9375,"date":"2024-12-10T14:23:21","date_gmt":"2024-12-10T17:23:21","guid":{"rendered":"https:\/\/promoalge.com.br\/?post_type=product&#038;p=9375"},"modified":"2024-12-10T14:23:21","modified_gmt":"2024-12-10T17:23:21","slug":"caderneta-com-suporte-de-celular-pr-06101","status":"publish","type":"product","link":"https:\/\/promoalge.com.br\/?product=caderneta-com-suporte-de-celular-pr-06101","title":{"rendered":"Caderneta com Suporte de Celular &#8211; PR 06101"},"content":{"rendered":"","protected":false},"excerpt":{"rendered":"<p>Descri\u00e7\u00e3o: A nossa caderneta traz funcionalidade e estilo em um design leve e pr\u00e1tico. Feita em rPET, com cerca de 96 folhas brancas pautadas, \u00e9 perfeita para anota\u00e7\u00f5es, e conta com um suporte na capa feito de papel\u00e3o, com revestimento similar ao bambu, ideal para manter o aparelho celular firme. A capa dobr\u00e1vel e flex\u00edvel facilita o transporte, e o marcador de p\u00e1gina em cetim agrega um toque de sofistica\u00e7\u00e3o.<\/p>\n<p>Altura :  21 cm<\/p>\n<p>Largura :  14,3 cm<\/p>\n<p>Espessura :  1,4 cm<\/p>\n<p>Quantidade minima de 50 unidades<\/p>\n","protected":false},"featured_media":9376,"template":"","meta":[],"product_brand":[],"product_cat":[409],"product_tag":[],"class_list":{"0":"post-9375","1":"product","2":"type-product","3":"status-publish","4":"has-post-thumbnail","6":"product_cat-escritorio","8":"first","9":"instock","10":"shipping-taxable","11":"product-type-simple"},"_links":{"self":[{"href":"https:\/\/promoalge.com.br\/index.php?rest_route=\/wp\/v2\/product\/9375","targetHints":{"allow":["GET"]}}],"collection":[{"href":"https:\/\/promoalge.com.br\/index.php?rest_route=\/wp\/v2\/product"}],"about":[{"href":"https:\/\/promoalge.com.br\/index.php?rest_route=\/wp\/v2\/types\/product"}],"wp:featuredmedia":[{"embeddable":true,"href":"https:\/\/promoalge.com.br\/index.php?rest_route=\/wp\/v2\/media\/9376"}],"wp:attachment":[{"href":"https:\/\/promoalge.com.br\/index.php?rest_route=%2Fwp%2Fv2%2Fmedia&parent=9375"}],"wp:term":[{"taxonomy":"product_brand","embeddable":true,"href":"https:\/\/promoalge.com.br\/index.php?rest_route=%2Fwp%2Fv2%2Fproduct_brand&post=9375"},{"taxonomy":"product_cat","embeddable":true,"href":"https:\/\/promoalge.com.br\/index.php?rest_route=%2Fwp%2Fv2%2Fproduct_cat&post=9375"},{"taxonomy":"product_tag","embeddable":true,"href":"https:\/\/promoalge.com.br\/index.php?rest_route=%2Fwp%2Fv2%2Fproduct_tag&post=9375"}],"curies":[{"name":"wp","href":"https:\/\/api.w.org\/{rel}","templated":true}]}}