{"id":9377,"date":"2024-12-10T14:26:34","date_gmt":"2024-12-10T17:26:34","guid":{"rendered":"https:\/\/promoalge.com.br\/?post_type=product&#038;p=9377"},"modified":"2024-12-10T14:26:34","modified_gmt":"2024-12-10T17:26:34","slug":"caderno-a5-feltro-pr-06105","status":"publish","type":"product","link":"https:\/\/promoalge.com.br\/?product=caderno-a5-feltro-pr-06105","title":{"rendered":"Caderno A5 Feltro &#8211; PR 06105"},"content":{"rendered":"","protected":false},"excerpt":{"rendered":"<p>Descri\u00e7\u00e3o: Confira a sofistica\u00e7\u00e3o e o conforto deste caderno em feltro, feito para tornar as anota\u00e7\u00f5es ainda mais eficientes assim que as ideias surgem. Com 96 folhas pautadas e uma fita de cetim para marcar p\u00e1ginas favoritas, ele \u00e9 ideal para organizar ideias, compromissos e inspira\u00e7\u00f5es. <\/p>\n<p>Altura :  21,4 cm<\/p>\n<p>Largura :  15,5 cm<\/p>\n<p>Espessura :  1,5 cm<\/p>\n<p>Quantidade minima de 50 unidades<\/p>\n","protected":false},"featured_media":9378,"template":"","meta":[],"product_brand":[],"product_cat":[409],"product_tag":[],"class_list":{"0":"post-9377","1":"product","2":"type-product","3":"status-publish","4":"has-post-thumbnail","6":"product_cat-escritorio","8":"first","9":"instock","10":"shipping-taxable","11":"product-type-simple"},"_links":{"self":[{"href":"https:\/\/promoalge.com.br\/index.php?rest_route=\/wp\/v2\/product\/9377","targetHints":{"allow":["GET"]}}],"collection":[{"href":"https:\/\/promoalge.com.br\/index.php?rest_route=\/wp\/v2\/product"}],"about":[{"href":"https:\/\/promoalge.com.br\/index.php?rest_route=\/wp\/v2\/types\/product"}],"wp:featuredmedia":[{"embeddable":true,"href":"https:\/\/promoalge.com.br\/index.php?rest_route=\/wp\/v2\/media\/9378"}],"wp:attachment":[{"href":"https:\/\/promoalge.com.br\/index.php?rest_route=%2Fwp%2Fv2%2Fmedia&parent=9377"}],"wp:term":[{"taxonomy":"product_brand","embeddable":true,"href":"https:\/\/promoalge.com.br\/index.php?rest_route=%2Fwp%2Fv2%2Fproduct_brand&post=9377"},{"taxonomy":"product_cat","embeddable":true,"href":"https:\/\/promoalge.com.br\/index.php?rest_route=%2Fwp%2Fv2%2Fproduct_cat&post=9377"},{"taxonomy":"product_tag","embeddable":true,"href":"https:\/\/promoalge.com.br\/index.php?rest_route=%2Fwp%2Fv2%2Fproduct_tag&post=9377"}],"curies":[{"name":"wp","href":"https:\/\/api.w.org\/{rel}","templated":true}]}}