{"id":9379,"date":"2024-12-10T15:01:26","date_gmt":"2024-12-10T18:01:26","guid":{"rendered":"https:\/\/promoalge.com.br\/?post_type=product&#038;p=9379"},"modified":"2024-12-10T15:01:26","modified_gmt":"2024-12-10T18:01:26","slug":"caderno-a5-couche-pr-15194","status":"publish","type":"product","link":"https:\/\/promoalge.com.br\/?product=caderno-a5-couche-pr-15194","title":{"rendered":"Caderno A5 Couch\u00ea &#8211; PR 15194"},"content":{"rendered":"","protected":false},"excerpt":{"rendered":"<p>Descri\u00e7\u00e3o: Buscando uma caderneta para manter suas anota\u00e7\u00f5es e planejamentos organizados e todos registrados? Nossa Caderneta \u00e9 a escolha perfeita! Possui capa impressa em couch\u00ea com lamina\u00e7\u00e3o fosca e cerca de 80 folhas pautadas em cor marfim, excelentes para aqueles dias repletos de anota\u00e7\u00f5es. E para tornar tudo ainda mais funcional, ela vem com uma fita de cetim para marcar as p\u00e1ginas mais relevantes, suporte para caneta ficar mais acess\u00edvel e um el\u00e1stico para fechar, garantindo a seguran\u00e7a das suas informa\u00e7\u00f5es.<\/p>\n<p>Altura :  20,9 cm<\/p>\n<p>Largura :  14 cm<\/p>\n<p>Espessura :  1,4 cm<\/p>\n<p>Quantidade minima de 50 unidades<\/p>\n","protected":false},"featured_media":9380,"template":"","meta":[],"product_brand":[],"product_cat":[409],"product_tag":[],"class_list":{"0":"post-9379","1":"product","2":"type-product","3":"status-publish","4":"has-post-thumbnail","6":"product_cat-escritorio","8":"first","9":"instock","10":"shipping-taxable","11":"product-type-simple"},"_links":{"self":[{"href":"https:\/\/promoalge.com.br\/index.php?rest_route=\/wp\/v2\/product\/9379","targetHints":{"allow":["GET"]}}],"collection":[{"href":"https:\/\/promoalge.com.br\/index.php?rest_route=\/wp\/v2\/product"}],"about":[{"href":"https:\/\/promoalge.com.br\/index.php?rest_route=\/wp\/v2\/types\/product"}],"wp:featuredmedia":[{"embeddable":true,"href":"https:\/\/promoalge.com.br\/index.php?rest_route=\/wp\/v2\/media\/9380"}],"wp:attachment":[{"href":"https:\/\/promoalge.com.br\/index.php?rest_route=%2Fwp%2Fv2%2Fmedia&parent=9379"}],"wp:term":[{"taxonomy":"product_brand","embeddable":true,"href":"https:\/\/promoalge.com.br\/index.php?rest_route=%2Fwp%2Fv2%2Fproduct_brand&post=9379"},{"taxonomy":"product_cat","embeddable":true,"href":"https:\/\/promoalge.com.br\/index.php?rest_route=%2Fwp%2Fv2%2Fproduct_cat&post=9379"},{"taxonomy":"product_tag","embeddable":true,"href":"https:\/\/promoalge.com.br\/index.php?rest_route=%2Fwp%2Fv2%2Fproduct_tag&post=9379"}],"curies":[{"name":"wp","href":"https:\/\/api.w.org\/{rel}","templated":true}]}}