{"id":9381,"date":"2024-12-10T15:03:32","date_gmt":"2024-12-10T18:03:32","guid":{"rendered":"https:\/\/promoalge.com.br\/?post_type=product&#038;p=9381"},"modified":"2024-12-10T15:03:32","modified_gmt":"2024-12-10T18:03:32","slug":"caderneta-em-linho-com-porta-caneta-pr-06102","status":"publish","type":"product","link":"https:\/\/promoalge.com.br\/?product=caderneta-em-linho-com-porta-caneta-pr-06102","title":{"rendered":"Caderneta em Linho com Porta Caneta &#8211; PR 06102"},"content":{"rendered":"","protected":false},"excerpt":{"rendered":"<p>Descri\u00e7\u00e3o: Seja para escrever compromissos do dia ou fazer planejamentos, nossa Caderneta \u00e9 uma excelente ferramenta para dias repletos de anota\u00e7\u00f5es. Com capa de linho, ela oferece um toque de sofistica\u00e7\u00e3o para suas 94 folhas pautadas. O fechamento magn\u00e9tico garante que tudo fique seguro, e o suporte para caneta deixa nossa caderneta ainda mais acess\u00edvel e organizada. Para completar, conta com marcador de p\u00e1ginas, evitando perda de tempo ao procurar onde parou. \u00c9 a escolha perfeita para as anota\u00e7\u00f5es di\u00e1rias.<\/p>\n<p>Altura :  21,2 cm<\/p>\n<p>Largura :  14,4 cm<\/p>\n<p>Espessura :  1,5 cm<\/p>\n<p>Quantidade minima de 50 unidades<\/p>\n","protected":false},"featured_media":9382,"template":"","meta":[],"product_brand":[],"product_cat":[409],"product_tag":[],"class_list":{"0":"post-9381","1":"product","2":"type-product","3":"status-publish","4":"has-post-thumbnail","6":"product_cat-escritorio","8":"first","9":"instock","10":"shipping-taxable","11":"product-type-simple"},"_links":{"self":[{"href":"https:\/\/promoalge.com.br\/index.php?rest_route=\/wp\/v2\/product\/9381","targetHints":{"allow":["GET"]}}],"collection":[{"href":"https:\/\/promoalge.com.br\/index.php?rest_route=\/wp\/v2\/product"}],"about":[{"href":"https:\/\/promoalge.com.br\/index.php?rest_route=\/wp\/v2\/types\/product"}],"wp:featuredmedia":[{"embeddable":true,"href":"https:\/\/promoalge.com.br\/index.php?rest_route=\/wp\/v2\/media\/9382"}],"wp:attachment":[{"href":"https:\/\/promoalge.com.br\/index.php?rest_route=%2Fwp%2Fv2%2Fmedia&parent=9381"}],"wp:term":[{"taxonomy":"product_brand","embeddable":true,"href":"https:\/\/promoalge.com.br\/index.php?rest_route=%2Fwp%2Fv2%2Fproduct_brand&post=9381"},{"taxonomy":"product_cat","embeddable":true,"href":"https:\/\/promoalge.com.br\/index.php?rest_route=%2Fwp%2Fv2%2Fproduct_cat&post=9381"},{"taxonomy":"product_tag","embeddable":true,"href":"https:\/\/promoalge.com.br\/index.php?rest_route=%2Fwp%2Fv2%2Fproduct_tag&post=9381"}],"curies":[{"name":"wp","href":"https:\/\/api.w.org\/{rel}","templated":true}]}}