{"id":9383,"date":"2024-12-10T15:05:40","date_gmt":"2024-12-10T18:05:40","guid":{"rendered":"https:\/\/promoalge.com.br\/?post_type=product&#038;p=9383"},"modified":"2024-12-10T15:05:40","modified_gmt":"2024-12-10T18:05:40","slug":"caderneta-em-linho-com-porta-caneta-06104","status":"publish","type":"product","link":"https:\/\/promoalge.com.br\/?product=caderneta-em-linho-com-porta-caneta-06104","title":{"rendered":"Caderneta em Linho com Porta Caneta &#8211; 06104"},"content":{"rendered":"","protected":false},"excerpt":{"rendered":"<p>Descri\u00e7\u00e3o: Caderneta feita de linho com porta caneta el\u00e1stico, marcador de p\u00e1gina em cetim e fita el\u00e1stica para fechar. Cont\u00e9m aproximadamente 80 folhas brancas pautadas.<\/p>\n<p>Altura :  17,5 cm<\/p>\n<p>Largura :  12,4 cm<\/p>\n<p>Espessura :  1,3 cm<\/p>\n<p>Quantidade minima de 50 unidades<\/p>\n","protected":false},"featured_media":9384,"template":"","meta":[],"product_brand":[],"product_cat":[409],"product_tag":[],"class_list":{"0":"post-9383","1":"product","2":"type-product","3":"status-publish","4":"has-post-thumbnail","6":"product_cat-escritorio","8":"first","9":"instock","10":"shipping-taxable","11":"product-type-simple"},"_links":{"self":[{"href":"https:\/\/promoalge.com.br\/index.php?rest_route=\/wp\/v2\/product\/9383","targetHints":{"allow":["GET"]}}],"collection":[{"href":"https:\/\/promoalge.com.br\/index.php?rest_route=\/wp\/v2\/product"}],"about":[{"href":"https:\/\/promoalge.com.br\/index.php?rest_route=\/wp\/v2\/types\/product"}],"wp:featuredmedia":[{"embeddable":true,"href":"https:\/\/promoalge.com.br\/index.php?rest_route=\/wp\/v2\/media\/9384"}],"wp:attachment":[{"href":"https:\/\/promoalge.com.br\/index.php?rest_route=%2Fwp%2Fv2%2Fmedia&parent=9383"}],"wp:term":[{"taxonomy":"product_brand","embeddable":true,"href":"https:\/\/promoalge.com.br\/index.php?rest_route=%2Fwp%2Fv2%2Fproduct_brand&post=9383"},{"taxonomy":"product_cat","embeddable":true,"href":"https:\/\/promoalge.com.br\/index.php?rest_route=%2Fwp%2Fv2%2Fproduct_cat&post=9383"},{"taxonomy":"product_tag","embeddable":true,"href":"https:\/\/promoalge.com.br\/index.php?rest_route=%2Fwp%2Fv2%2Fproduct_tag&post=9383"}],"curies":[{"name":"wp","href":"https:\/\/api.w.org\/{rel}","templated":true}]}}