{"id":9386,"date":"2024-12-10T15:25:52","date_gmt":"2024-12-10T18:25:52","guid":{"rendered":"https:\/\/promoalge.com.br\/?post_type=product&#038;p=9386"},"modified":"2025-03-19T20:43:14","modified_gmt":"2025-03-19T23:43:14","slug":"bloco-de-anotacoes-ecologico-com-caneta-pr-05064","status":"publish","type":"product","link":"https:\/\/promoalge.com.br\/?product=bloco-de-anotacoes-ecologico-com-caneta-pr-05064","title":{"rendered":"Bloco de Anota\u00e7\u00f5es Ecol\u00f3gico com Caneta &#8211; PR 05064"},"content":{"rendered":"","protected":false},"excerpt":{"rendered":"<p>Descri\u00e7\u00e3o: Bloco de anota\u00e7\u00f5es ecol\u00f3gico com caneta, feito em kraft com detalhe pl\u00e1stico. Cont\u00e9m aproximadamente 70 folhas brancas com pauta, porta caneta el\u00e1stico, el\u00e1stico para lacre e acompanha caneta de papel\u00e3o com detalhes pl\u00e1sticos, carga esferogr\u00e1fica azul 1.0mm e acionamento por clique.<\/p>\n<p>Largura :  9 cm<\/p>\n<p>Espessura :  1,5 cm<\/p>\n<p>Comprimento :  14,9 cm<\/p>\n<p>Quantidade minima de 50 unidades<\/p>\n","protected":false},"featured_media":9387,"template":"","meta":[],"product_brand":[],"product_cat":[409,321],"product_tag":[],"class_list":{"0":"post-9386","1":"product","2":"type-product","3":"status-publish","4":"has-post-thumbnail","6":"product_cat-escritorio","7":"product_cat-linha-ecologica","9":"first","10":"instock","11":"shipping-taxable","12":"product-type-simple"},"_links":{"self":[{"href":"https:\/\/promoalge.com.br\/index.php?rest_route=\/wp\/v2\/product\/9386","targetHints":{"allow":["GET"]}}],"collection":[{"href":"https:\/\/promoalge.com.br\/index.php?rest_route=\/wp\/v2\/product"}],"about":[{"href":"https:\/\/promoalge.com.br\/index.php?rest_route=\/wp\/v2\/types\/product"}],"wp:featuredmedia":[{"embeddable":true,"href":"https:\/\/promoalge.com.br\/index.php?rest_route=\/wp\/v2\/media\/9387"}],"wp:attachment":[{"href":"https:\/\/promoalge.com.br\/index.php?rest_route=%2Fwp%2Fv2%2Fmedia&parent=9386"}],"wp:term":[{"taxonomy":"product_brand","embeddable":true,"href":"https:\/\/promoalge.com.br\/index.php?rest_route=%2Fwp%2Fv2%2Fproduct_brand&post=9386"},{"taxonomy":"product_cat","embeddable":true,"href":"https:\/\/promoalge.com.br\/index.php?rest_route=%2Fwp%2Fv2%2Fproduct_cat&post=9386"},{"taxonomy":"product_tag","embeddable":true,"href":"https:\/\/promoalge.com.br\/index.php?rest_route=%2Fwp%2Fv2%2Fproduct_tag&post=9386"}],"curies":[{"name":"wp","href":"https:\/\/api.w.org\/{rel}","templated":true}]}}