{"id":9390,"date":"2024-12-10T15:49:46","date_gmt":"2024-12-10T18:49:46","guid":{"rendered":"https:\/\/promoalge.com.br\/?post_type=product&#038;p=9390"},"modified":"2024-12-10T15:49:46","modified_gmt":"2024-12-10T18:49:46","slug":"caderneta-sintetica-pr-03003","status":"publish","type":"product","link":"https:\/\/promoalge.com.br\/?product=caderneta-sintetica-pr-03003","title":{"rendered":"Caderneta Sint\u00e9tica &#8211; PR 03003"},"content":{"rendered":"","protected":false},"excerpt":{"rendered":"<p>Descri\u00e7\u00e3o: Caderneta sint\u00e9tica com fechamento imantado, cont\u00e9m aproximadamente 96 folhas amarelas sem pauta e marcador de p\u00e1gina em cetim.<\/p>\n<p>Altura :  21,3 cm<\/p>\n<p>Largura :  15,1 cm<\/p>\n<p>Espessura :  2,3 cm<\/p>\n<p>Quantidade minima de 50 unidades<\/p>\n","protected":false},"featured_media":9391,"template":"","meta":[],"product_brand":[],"product_cat":[409],"product_tag":[],"class_list":{"0":"post-9390","1":"product","2":"type-product","3":"status-publish","4":"has-post-thumbnail","6":"product_cat-escritorio","8":"first","9":"instock","10":"shipping-taxable","11":"product-type-simple"},"_links":{"self":[{"href":"https:\/\/promoalge.com.br\/index.php?rest_route=\/wp\/v2\/product\/9390","targetHints":{"allow":["GET"]}}],"collection":[{"href":"https:\/\/promoalge.com.br\/index.php?rest_route=\/wp\/v2\/product"}],"about":[{"href":"https:\/\/promoalge.com.br\/index.php?rest_route=\/wp\/v2\/types\/product"}],"wp:featuredmedia":[{"embeddable":true,"href":"https:\/\/promoalge.com.br\/index.php?rest_route=\/wp\/v2\/media\/9391"}],"wp:attachment":[{"href":"https:\/\/promoalge.com.br\/index.php?rest_route=%2Fwp%2Fv2%2Fmedia&parent=9390"}],"wp:term":[{"taxonomy":"product_brand","embeddable":true,"href":"https:\/\/promoalge.com.br\/index.php?rest_route=%2Fwp%2Fv2%2Fproduct_brand&post=9390"},{"taxonomy":"product_cat","embeddable":true,"href":"https:\/\/promoalge.com.br\/index.php?rest_route=%2Fwp%2Fv2%2Fproduct_cat&post=9390"},{"taxonomy":"product_tag","embeddable":true,"href":"https:\/\/promoalge.com.br\/index.php?rest_route=%2Fwp%2Fv2%2Fproduct_tag&post=9390"}],"curies":[{"name":"wp","href":"https:\/\/api.w.org\/{rel}","templated":true}]}}