{"id":9398,"date":"2024-12-10T15:56:31","date_gmt":"2024-12-10T18:56:31","guid":{"rendered":"https:\/\/promoalge.com.br\/?post_type=product&#038;p=9398"},"modified":"2025-03-19T20:42:15","modified_gmt":"2025-03-19T23:42:15","slug":"bolsa-termica-12-litros-pr-02596","status":"publish","type":"product","link":"https:\/\/promoalge.com.br\/?product=bolsa-termica-12-litros-pr-02596","title":{"rendered":"Bolsa T\u00e9rmica 12 Litros &#8211; PR 02596"},"content":{"rendered":"","protected":false},"excerpt":{"rendered":"<p>Descri\u00e7\u00e3o: Bolsa t\u00e9rmica de poli\u00e9ster com capacidade de 12 Litros. Cont\u00e9m al\u00e7a de m\u00e3o em nylon.<\/p>\n<p>Altura :  24 cm<\/p>\n<p>Largura :  20 cm<\/p>\n<p>Comprimento :  27 cm<\/p>\n<p>Quantidade minima de 50 unidades<\/p>\n","protected":false},"featured_media":9399,"template":"","meta":[],"product_brand":[],"product_cat":[79,414],"product_tag":[],"class_list":{"0":"post-9398","1":"product","2":"type-product","3":"status-publish","4":"has-post-thumbnail","6":"product_cat-bolsas-mochilas","7":"product_cat-praia-verao","9":"first","10":"instock","11":"shipping-taxable","12":"product-type-simple"},"_links":{"self":[{"href":"https:\/\/promoalge.com.br\/index.php?rest_route=\/wp\/v2\/product\/9398","targetHints":{"allow":["GET"]}}],"collection":[{"href":"https:\/\/promoalge.com.br\/index.php?rest_route=\/wp\/v2\/product"}],"about":[{"href":"https:\/\/promoalge.com.br\/index.php?rest_route=\/wp\/v2\/types\/product"}],"wp:featuredmedia":[{"embeddable":true,"href":"https:\/\/promoalge.com.br\/index.php?rest_route=\/wp\/v2\/media\/9399"}],"wp:attachment":[{"href":"https:\/\/promoalge.com.br\/index.php?rest_route=%2Fwp%2Fv2%2Fmedia&parent=9398"}],"wp:term":[{"taxonomy":"product_brand","embeddable":true,"href":"https:\/\/promoalge.com.br\/index.php?rest_route=%2Fwp%2Fv2%2Fproduct_brand&post=9398"},{"taxonomy":"product_cat","embeddable":true,"href":"https:\/\/promoalge.com.br\/index.php?rest_route=%2Fwp%2Fv2%2Fproduct_cat&post=9398"},{"taxonomy":"product_tag","embeddable":true,"href":"https:\/\/promoalge.com.br\/index.php?rest_route=%2Fwp%2Fv2%2Fproduct_tag&post=9398"}],"curies":[{"name":"wp","href":"https:\/\/api.w.org\/{rel}","templated":true}]}}