{"id":9404,"date":"2024-12-10T16:02:02","date_gmt":"2024-12-10T19:02:02","guid":{"rendered":"https:\/\/promoalge.com.br\/?post_type=product&#038;p=9404"},"modified":"2025-03-19T20:41:47","modified_gmt":"2025-03-19T23:41:47","slug":"cooler-termico-62-litros-pr-07020","status":"publish","type":"product","link":"https:\/\/promoalge.com.br\/?product=cooler-termico-62-litros-pr-07020","title":{"rendered":"Cooler T\u00e9rmico 62 Litros &#8211; PR 07020"},"content":{"rendered":"","protected":false},"excerpt":{"rendered":"<p>Descri\u00e7\u00e3o: O cooler perfeito para eventos ao ar livre! Com uma impressionante capacidade de 62 litros, este cooler \u00e9 produzido em poli\u00e9ster com revestimento t\u00e9rmico em PEVA at\u00f3xico e soldado, garantindo que n\u00e3o haja vazamentos. Ideal para festas, ele cumpre perfeitamente o papel de manter as bebidas geladas, podendo at\u00e9 mesmo adicionar gelo em seu interior. Para preservar ainda mais a temperatura durante o uso, h\u00e1 uma pequena tampa de f\u00e1cil acesso, evitando a necessidade de abrir o cooler completamente. Com um pedestal met\u00e1lico de manuseio pr\u00e1tico e sustenta\u00e7\u00e3o firme, o cooler acompanha um estojo de poli\u00e9ster para manter tudo organizado e pronto para o pr\u00f3ximo evento.<\/p>\n<p>Altura :  80 cm<\/p>\n<p>Largura :  46 cm<\/p>\n<p>Profundidade :  45 cm<\/p>\n<p>Quantidade minima de 50 unidades<\/p>\n","protected":false},"featured_media":9405,"template":"","meta":[],"product_brand":[],"product_cat":[79,414],"product_tag":[],"class_list":{"0":"post-9404","1":"product","2":"type-product","3":"status-publish","4":"has-post-thumbnail","6":"product_cat-bolsas-mochilas","7":"product_cat-praia-verao","9":"first","10":"instock","11":"shipping-taxable","12":"product-type-simple"},"_links":{"self":[{"href":"https:\/\/promoalge.com.br\/index.php?rest_route=\/wp\/v2\/product\/9404","targetHints":{"allow":["GET"]}}],"collection":[{"href":"https:\/\/promoalge.com.br\/index.php?rest_route=\/wp\/v2\/product"}],"about":[{"href":"https:\/\/promoalge.com.br\/index.php?rest_route=\/wp\/v2\/types\/product"}],"wp:featuredmedia":[{"embeddable":true,"href":"https:\/\/promoalge.com.br\/index.php?rest_route=\/wp\/v2\/media\/9405"}],"wp:attachment":[{"href":"https:\/\/promoalge.com.br\/index.php?rest_route=%2Fwp%2Fv2%2Fmedia&parent=9404"}],"wp:term":[{"taxonomy":"product_brand","embeddable":true,"href":"https:\/\/promoalge.com.br\/index.php?rest_route=%2Fwp%2Fv2%2Fproduct_brand&post=9404"},{"taxonomy":"product_cat","embeddable":true,"href":"https:\/\/promoalge.com.br\/index.php?rest_route=%2Fwp%2Fv2%2Fproduct_cat&post=9404"},{"taxonomy":"product_tag","embeddable":true,"href":"https:\/\/promoalge.com.br\/index.php?rest_route=%2Fwp%2Fv2%2Fproduct_tag&post=9404"}],"curies":[{"name":"wp","href":"https:\/\/api.w.org\/{rel}","templated":true}]}}