{"id":9406,"date":"2024-12-10T16:03:46","date_gmt":"2024-12-10T19:03:46","guid":{"rendered":"https:\/\/promoalge.com.br\/?post_type=product&#038;p=9406"},"modified":"2025-03-19T20:41:37","modified_gmt":"2025-03-19T23:41:37","slug":"bolsa-termica-7-litros-pr-18764","status":"publish","type":"product","link":"https:\/\/promoalge.com.br\/?product=bolsa-termica-7-litros-pr-18764","title":{"rendered":"Bolsa T\u00e9rmica 7 Litros &#8211; PR 18764"},"content":{"rendered":"","protected":false},"excerpt":{"rendered":"<p>Descri\u00e7\u00e3o: Bolsa T\u00e9rmica confeccionada em tecido sint\u00e9tico, com bolso frontal e plaquinha pl\u00e1stica para personaliza\u00e7\u00e3o. Possui capacidade de 7 litros e revestimento t\u00e9rmico e acompanha al\u00e7a transversal para maior praticidade.<\/p>\n<p>Altura :  23 cm<\/p>\n<p>Largura :  20,5 cm<\/p>\n<p>Profundidade :  16 cm<\/p>\n<p>Quantidade minima de 50 unidades<\/p>\n","protected":false},"featured_media":9407,"template":"","meta":[],"product_brand":[],"product_cat":[79,414],"product_tag":[],"class_list":{"0":"post-9406","1":"product","2":"type-product","3":"status-publish","4":"has-post-thumbnail","6":"product_cat-bolsas-mochilas","7":"product_cat-praia-verao","9":"first","10":"instock","11":"shipping-taxable","12":"product-type-simple"},"_links":{"self":[{"href":"https:\/\/promoalge.com.br\/index.php?rest_route=\/wp\/v2\/product\/9406","targetHints":{"allow":["GET"]}}],"collection":[{"href":"https:\/\/promoalge.com.br\/index.php?rest_route=\/wp\/v2\/product"}],"about":[{"href":"https:\/\/promoalge.com.br\/index.php?rest_route=\/wp\/v2\/types\/product"}],"wp:featuredmedia":[{"embeddable":true,"href":"https:\/\/promoalge.com.br\/index.php?rest_route=\/wp\/v2\/media\/9407"}],"wp:attachment":[{"href":"https:\/\/promoalge.com.br\/index.php?rest_route=%2Fwp%2Fv2%2Fmedia&parent=9406"}],"wp:term":[{"taxonomy":"product_brand","embeddable":true,"href":"https:\/\/promoalge.com.br\/index.php?rest_route=%2Fwp%2Fv2%2Fproduct_brand&post=9406"},{"taxonomy":"product_cat","embeddable":true,"href":"https:\/\/promoalge.com.br\/index.php?rest_route=%2Fwp%2Fv2%2Fproduct_cat&post=9406"},{"taxonomy":"product_tag","embeddable":true,"href":"https:\/\/promoalge.com.br\/index.php?rest_route=%2Fwp%2Fv2%2Fproduct_tag&post=9406"}],"curies":[{"name":"wp","href":"https:\/\/api.w.org\/{rel}","templated":true}]}}