{"id":9410,"date":"2024-12-13T14:45:25","date_gmt":"2024-12-13T17:45:25","guid":{"rendered":"http:\/\/promoalge.com.br\/?post_type=product&#038;p=9410"},"modified":"2025-03-19T20:41:17","modified_gmt":"2025-03-19T23:41:17","slug":"bolsa-termica-36-litros-420d-pr-04044p","status":"publish","type":"product","link":"https:\/\/promoalge.com.br\/?product=bolsa-termica-36-litros-420d-pr-04044p","title":{"rendered":"Bolsa T\u00e9rmica 36 Litros 420D &#8211; PR 04044p"},"content":{"rendered":"","protected":false},"excerpt":{"rendered":"<p>Descri\u00e7\u00e3o: Bolsa t\u00e9rmica de poli\u00e9ster 420D de 36 litros com bolso frontal.<\/p>\n<p>Altura :  35 cm<\/p>\n<p>Largura :  41,5 cm<\/p>\n<p>Profundidade :  25 cm<\/p>\n<p>Quantidade minima de 50 unidades<\/p>\n","protected":false},"featured_media":9411,"template":"","meta":[],"product_brand":[],"product_cat":[79,414],"product_tag":[],"class_list":{"0":"post-9410","1":"product","2":"type-product","3":"status-publish","4":"has-post-thumbnail","6":"product_cat-bolsas-mochilas","7":"product_cat-praia-verao","9":"first","10":"instock","11":"shipping-taxable","12":"product-type-simple"},"_links":{"self":[{"href":"https:\/\/promoalge.com.br\/index.php?rest_route=\/wp\/v2\/product\/9410","targetHints":{"allow":["GET"]}}],"collection":[{"href":"https:\/\/promoalge.com.br\/index.php?rest_route=\/wp\/v2\/product"}],"about":[{"href":"https:\/\/promoalge.com.br\/index.php?rest_route=\/wp\/v2\/types\/product"}],"wp:featuredmedia":[{"embeddable":true,"href":"https:\/\/promoalge.com.br\/index.php?rest_route=\/wp\/v2\/media\/9411"}],"wp:attachment":[{"href":"https:\/\/promoalge.com.br\/index.php?rest_route=%2Fwp%2Fv2%2Fmedia&parent=9410"}],"wp:term":[{"taxonomy":"product_brand","embeddable":true,"href":"https:\/\/promoalge.com.br\/index.php?rest_route=%2Fwp%2Fv2%2Fproduct_brand&post=9410"},{"taxonomy":"product_cat","embeddable":true,"href":"https:\/\/promoalge.com.br\/index.php?rest_route=%2Fwp%2Fv2%2Fproduct_cat&post=9410"},{"taxonomy":"product_tag","embeddable":true,"href":"https:\/\/promoalge.com.br\/index.php?rest_route=%2Fwp%2Fv2%2Fproduct_tag&post=9410"}],"curies":[{"name":"wp","href":"https:\/\/api.w.org\/{rel}","templated":true}]}}