{"id":9446,"date":"2024-12-13T15:47:59","date_gmt":"2024-12-13T18:47:59","guid":{"rendered":"http:\/\/promoalge.com.br\/?post_type=product&#038;p=9446"},"modified":"2026-04-07T16:56:05","modified_gmt":"2026-04-07T19:56:05","slug":"copo-termico-400ml-com-caixa-de-som-pr-18749","status":"publish","type":"product","link":"https:\/\/promoalge.com.br\/?product=copo-termico-400ml-com-caixa-de-som-pr-18749","title":{"rendered":"Copo T\u00e9rmico 400ml com Caixa de Som &#8211; PR 18749"},"content":{"rendered":"","protected":false},"excerpt":{"rendered":"<p>Descri\u00e7\u00e3o: Copo t\u00e9rmico de inox com caixa de som e capacidade 400ml. Cont\u00e9m tampa com abridor. Caixa de som bluetooth com bot\u00e3o para ligar\/desligar, bot\u00f5es para aumentar diminuir volume\/ avan\u00e7ar e retroceder faixas. Acompanha cabo USB Tipo-C. Obs.: A caixa de som n\u00e3o \u00e9 a prova d\u00e1gua, para a higieniza\u00e7\u00e3o do copo \u00e9 necess\u00e1rio desrosquear a caixa de som para remove-la.<\/p>\n<p>Altura :  18,3 cm<\/p>\n<p>Largura :  9,6 cm<\/p>\n<p>Circunfer\u00eancia :  28,8 cm<\/p>\n<p>Quantidade minima de 50 unidades<\/p>\n","protected":false},"featured_media":9447,"template":"","meta":[],"product_brand":[],"product_cat":[237],"product_tag":[],"class_list":{"0":"post-9446","1":"product","2":"type-product","3":"status-publish","4":"has-post-thumbnail","6":"product_cat-metalicas","8":"first","9":"instock","10":"shipping-taxable","11":"product-type-simple"},"_links":{"self":[{"href":"https:\/\/promoalge.com.br\/index.php?rest_route=\/wp\/v2\/product\/9446","targetHints":{"allow":["GET"]}}],"collection":[{"href":"https:\/\/promoalge.com.br\/index.php?rest_route=\/wp\/v2\/product"}],"about":[{"href":"https:\/\/promoalge.com.br\/index.php?rest_route=\/wp\/v2\/types\/product"}],"wp:featuredmedia":[{"embeddable":true,"href":"https:\/\/promoalge.com.br\/index.php?rest_route=\/wp\/v2\/media\/9447"}],"wp:attachment":[{"href":"https:\/\/promoalge.com.br\/index.php?rest_route=%2Fwp%2Fv2%2Fmedia&parent=9446"}],"wp:term":[{"taxonomy":"product_brand","embeddable":true,"href":"https:\/\/promoalge.com.br\/index.php?rest_route=%2Fwp%2Fv2%2Fproduct_brand&post=9446"},{"taxonomy":"product_cat","embeddable":true,"href":"https:\/\/promoalge.com.br\/index.php?rest_route=%2Fwp%2Fv2%2Fproduct_cat&post=9446"},{"taxonomy":"product_tag","embeddable":true,"href":"https:\/\/promoalge.com.br\/index.php?rest_route=%2Fwp%2Fv2%2Fproduct_tag&post=9446"}],"curies":[{"name":"wp","href":"https:\/\/api.w.org\/{rel}","templated":true}]}}