{"id":9461,"date":"2024-12-17T13:03:44","date_gmt":"2024-12-17T16:03:44","guid":{"rendered":"https:\/\/promoalge.com.br\/?post_type=product&#038;p=9461"},"modified":"2024-12-17T13:03:44","modified_gmt":"2024-12-17T16:03:44","slug":"kit-canetas-executivas-pr-08162","status":"publish","type":"product","link":"https:\/\/promoalge.com.br\/?product=kit-canetas-executivas-pr-08162","title":{"rendered":"Kit Canetas Executivas &#8211; PR 08162"},"content":{"rendered":"","protected":false},"excerpt":{"rendered":"<p>Descri\u00e7\u00e3o: Descubra nosso sofisticado kit de canetas esfero e roller em metal, perfeito para quem valoriza estilo e funcionalidade. Com acabamento fosco, a caneta esferogr\u00e1fica possui acionamento por rota\u00e7\u00e3o e carga azul de 1.0mm, garantindo uma escrita suave e precisa. A caneta roller com carga de 0.7mm, oferece um tra\u00e7o delicado e fluido. Acompanha um estojo de metal revestido em espuma, que protege e exibe suas canetas com eleg\u00e2ncia.<\/p>\n<p>Altura :  18,4 cm<\/p>\n<p>Largura :  8,5 cm<\/p>\n<p>Quantidade minima de 50 unidades<\/p>\n","protected":false},"featured_media":9462,"template":"","meta":[],"product_brand":[],"product_cat":[407],"product_tag":[],"class_list":{"0":"post-9461","1":"product","2":"type-product","3":"status-publish","4":"has-post-thumbnail","6":"product_cat-conjuntos","8":"first","9":"instock","10":"shipping-taxable","11":"product-type-simple"},"_links":{"self":[{"href":"https:\/\/promoalge.com.br\/index.php?rest_route=\/wp\/v2\/product\/9461","targetHints":{"allow":["GET"]}}],"collection":[{"href":"https:\/\/promoalge.com.br\/index.php?rest_route=\/wp\/v2\/product"}],"about":[{"href":"https:\/\/promoalge.com.br\/index.php?rest_route=\/wp\/v2\/types\/product"}],"wp:featuredmedia":[{"embeddable":true,"href":"https:\/\/promoalge.com.br\/index.php?rest_route=\/wp\/v2\/media\/9462"}],"wp:attachment":[{"href":"https:\/\/promoalge.com.br\/index.php?rest_route=%2Fwp%2Fv2%2Fmedia&parent=9461"}],"wp:term":[{"taxonomy":"product_brand","embeddable":true,"href":"https:\/\/promoalge.com.br\/index.php?rest_route=%2Fwp%2Fv2%2Fproduct_brand&post=9461"},{"taxonomy":"product_cat","embeddable":true,"href":"https:\/\/promoalge.com.br\/index.php?rest_route=%2Fwp%2Fv2%2Fproduct_cat&post=9461"},{"taxonomy":"product_tag","embeddable":true,"href":"https:\/\/promoalge.com.br\/index.php?rest_route=%2Fwp%2Fv2%2Fproduct_tag&post=9461"}],"curies":[{"name":"wp","href":"https:\/\/api.w.org\/{rel}","templated":true}]}}