{"id":9469,"date":"2024-12-17T13:15:31","date_gmt":"2024-12-17T16:15:31","guid":{"rendered":"https:\/\/promoalge.com.br\/?post_type=product&#038;p=9469"},"modified":"2025-08-12T15:05:25","modified_gmt":"2025-08-12T18:05:25","slug":"kit-churrasco-10-pecas-pr-1346","status":"publish","type":"product","link":"https:\/\/promoalge.com.br\/?product=kit-churrasco-10-pecas-pr-1346","title":{"rendered":"Kit Churrasco 10 Pe\u00e7as &#8211; PR 1346"},"content":{"rendered":"","protected":false},"excerpt":{"rendered":"<p>Descri\u00e7\u00e3o: Kit churrasco 10 pe\u00e7as em maleta de alum\u00ednio com travas de seguran\u00e7a e placa central para personaliza\u00e7\u00e3o. Cont\u00e9m: esp\u00e1tula, pegador, escova para grelha, faca, pincel, garfo e quatro espetos, parte interna da maleta com revestimento em TNT e suportes de velcro para fixa\u00e7\u00e3o das pe\u00e7as.<\/p>\n<p>Altura :  21,5 cm<\/p>\n<p>Largura :  7,6 cm<\/p>\n<p>Comprimento :  42,7 cm<\/p>\n<p>Quantidade minima de 50 unidades<\/p>\n","protected":false},"featured_media":9470,"template":"","meta":[],"product_brand":[],"product_cat":[412],"product_tag":[],"class_list":{"0":"post-9469","1":"product","2":"type-product","3":"status-publish","4":"has-post-thumbnail","6":"product_cat-kits-churrasco","8":"first","9":"instock","10":"shipping-taxable","11":"product-type-simple"},"_links":{"self":[{"href":"https:\/\/promoalge.com.br\/index.php?rest_route=\/wp\/v2\/product\/9469","targetHints":{"allow":["GET"]}}],"collection":[{"href":"https:\/\/promoalge.com.br\/index.php?rest_route=\/wp\/v2\/product"}],"about":[{"href":"https:\/\/promoalge.com.br\/index.php?rest_route=\/wp\/v2\/types\/product"}],"wp:featuredmedia":[{"embeddable":true,"href":"https:\/\/promoalge.com.br\/index.php?rest_route=\/wp\/v2\/media\/9470"}],"wp:attachment":[{"href":"https:\/\/promoalge.com.br\/index.php?rest_route=%2Fwp%2Fv2%2Fmedia&parent=9469"}],"wp:term":[{"taxonomy":"product_brand","embeddable":true,"href":"https:\/\/promoalge.com.br\/index.php?rest_route=%2Fwp%2Fv2%2Fproduct_brand&post=9469"},{"taxonomy":"product_cat","embeddable":true,"href":"https:\/\/promoalge.com.br\/index.php?rest_route=%2Fwp%2Fv2%2Fproduct_cat&post=9469"},{"taxonomy":"product_tag","embeddable":true,"href":"https:\/\/promoalge.com.br\/index.php?rest_route=%2Fwp%2Fv2%2Fproduct_tag&post=9469"}],"curies":[{"name":"wp","href":"https:\/\/api.w.org\/{rel}","templated":true}]}}