{"id":9471,"date":"2024-12-17T13:17:49","date_gmt":"2024-12-17T16:17:49","guid":{"rendered":"https:\/\/promoalge.com.br\/?post_type=product&#038;p=9471"},"modified":"2024-12-17T13:17:50","modified_gmt":"2024-12-17T16:17:50","slug":"kit-churrasco-5-pecas-pr-2250","status":"publish","type":"product","link":"https:\/\/promoalge.com.br\/?product=kit-churrasco-5-pecas-pr-2250","title":{"rendered":"Kit Churrasco 5 Pe\u00e7as &#8211; PR 2250"},"content":{"rendered":"","protected":false},"excerpt":{"rendered":"<p>Descri\u00e7\u00e3o: Kit churrasco 5 pe\u00e7as em estojo de nylon com al\u00e7a e parte interna com el\u00e1stico para fixar as pe\u00e7as. Possui t\u00e1bua de madeira com canaleta, tr\u00eas facas de corte e tesoura.<\/p>\n<p>Largura :  21,5 cm<\/p>\n<p>Espessura :  4,1 cm<\/p>\n<p>Comprimento :  36,5 cm<\/p>\n<p>Quantidade minima de 50 unidades<\/p>\n","protected":false},"featured_media":9472,"template":"","meta":[],"product_brand":[],"product_cat":[412],"product_tag":[],"class_list":{"0":"post-9471","1":"product","2":"type-product","3":"status-publish","4":"has-post-thumbnail","6":"product_cat-kits-churrasco","8":"first","9":"instock","10":"shipping-taxable","11":"product-type-simple"},"_links":{"self":[{"href":"https:\/\/promoalge.com.br\/index.php?rest_route=\/wp\/v2\/product\/9471","targetHints":{"allow":["GET"]}}],"collection":[{"href":"https:\/\/promoalge.com.br\/index.php?rest_route=\/wp\/v2\/product"}],"about":[{"href":"https:\/\/promoalge.com.br\/index.php?rest_route=\/wp\/v2\/types\/product"}],"wp:featuredmedia":[{"embeddable":true,"href":"https:\/\/promoalge.com.br\/index.php?rest_route=\/wp\/v2\/media\/9472"}],"wp:attachment":[{"href":"https:\/\/promoalge.com.br\/index.php?rest_route=%2Fwp%2Fv2%2Fmedia&parent=9471"}],"wp:term":[{"taxonomy":"product_brand","embeddable":true,"href":"https:\/\/promoalge.com.br\/index.php?rest_route=%2Fwp%2Fv2%2Fproduct_brand&post=9471"},{"taxonomy":"product_cat","embeddable":true,"href":"https:\/\/promoalge.com.br\/index.php?rest_route=%2Fwp%2Fv2%2Fproduct_cat&post=9471"},{"taxonomy":"product_tag","embeddable":true,"href":"https:\/\/promoalge.com.br\/index.php?rest_route=%2Fwp%2Fv2%2Fproduct_tag&post=9471"}],"curies":[{"name":"wp","href":"https:\/\/api.w.org\/{rel}","templated":true}]}}