{"id":9473,"date":"2024-12-17T13:28:45","date_gmt":"2024-12-17T16:28:45","guid":{"rendered":"https:\/\/promoalge.com.br\/?post_type=product&#038;p=9473"},"modified":"2024-12-17T13:28:45","modified_gmt":"2024-12-17T16:28:45","slug":"kit-queijo-2-pecas-pr-06221","status":"publish","type":"product","link":"https:\/\/promoalge.com.br\/?product=kit-queijo-2-pecas-pr-06221","title":{"rendered":"Kit Queijo 2 Pe\u00e7as &#8211; PR 06221"},"content":{"rendered":"","protected":false},"excerpt":{"rendered":"<p>Descri\u00e7\u00e3o: Para aproveitar com qualidade aquele momento especial, precisamos dos utens\u00edlios certos. Confira essa novidade: Kit de Queijo com 2 pe\u00e7as, embalado em um estojo de papel\u00e3o com ber\u00e7o de espuma, contendo um garfo e uma esp\u00e1tula.<\/p>\n<p>Altura :  15,4 cm<\/p>\n<p>Largura :  11,2 cm<\/p>\n<p>Espessura :  2,2 cm<\/p>\n<p>Quantidade minima de 50 unidades<\/p>\n","protected":false},"featured_media":9474,"template":"","meta":[],"product_brand":[],"product_cat":[49],"product_tag":[],"class_list":{"0":"post-9473","1":"product","2":"type-product","3":"status-publish","4":"has-post-thumbnail","6":"product_cat-bar-queijo-vinhos","8":"first","9":"instock","10":"shipping-taxable","11":"product-type-simple"},"_links":{"self":[{"href":"https:\/\/promoalge.com.br\/index.php?rest_route=\/wp\/v2\/product\/9473","targetHints":{"allow":["GET"]}}],"collection":[{"href":"https:\/\/promoalge.com.br\/index.php?rest_route=\/wp\/v2\/product"}],"about":[{"href":"https:\/\/promoalge.com.br\/index.php?rest_route=\/wp\/v2\/types\/product"}],"wp:featuredmedia":[{"embeddable":true,"href":"https:\/\/promoalge.com.br\/index.php?rest_route=\/wp\/v2\/media\/9474"}],"wp:attachment":[{"href":"https:\/\/promoalge.com.br\/index.php?rest_route=%2Fwp%2Fv2%2Fmedia&parent=9473"}],"wp:term":[{"taxonomy":"product_brand","embeddable":true,"href":"https:\/\/promoalge.com.br\/index.php?rest_route=%2Fwp%2Fv2%2Fproduct_brand&post=9473"},{"taxonomy":"product_cat","embeddable":true,"href":"https:\/\/promoalge.com.br\/index.php?rest_route=%2Fwp%2Fv2%2Fproduct_cat&post=9473"},{"taxonomy":"product_tag","embeddable":true,"href":"https:\/\/promoalge.com.br\/index.php?rest_route=%2Fwp%2Fv2%2Fproduct_tag&post=9473"}],"curies":[{"name":"wp","href":"https:\/\/api.w.org\/{rel}","templated":true}]}}