{"id":9477,"date":"2024-12-17T13:34:08","date_gmt":"2024-12-17T16:34:08","guid":{"rendered":"https:\/\/promoalge.com.br\/?post_type=product&#038;p=9477"},"modified":"2025-08-12T15:05:22","modified_gmt":"2025-08-12T18:05:22","slug":"kit-queijo-3-pecas-pr-15086","status":"publish","type":"product","link":"https:\/\/promoalge.com.br\/?product=kit-queijo-3-pecas-pr-15086","title":{"rendered":"Kit Queijo 3 Pe\u00e7as &#8211; PR 15086"},"content":{"rendered":"","protected":false},"excerpt":{"rendered":"<p>Descri\u00e7\u00e3o: Kit queijo 3 pe\u00e7as, cont\u00e9m: t\u00e1bua de bambu com canaleta, faca com ponta, garfo e esp\u00e1tula. T\u00e1bua com im\u00e3 para encaixe e fixa\u00e7\u00e3o dos utens\u00edlios.<\/p>\n<p>Altura :  19,8 cm<\/p>\n<p>Largura :  19,9 cm<\/p>\n<p>Espessura :  1,6 cm<\/p>\n<p>Quantidade minima de 50 unidades<\/p>\n","protected":false},"featured_media":9478,"template":"","meta":[],"product_brand":[],"product_cat":[49],"product_tag":[],"class_list":{"0":"post-9477","1":"product","2":"type-product","3":"status-publish","4":"has-post-thumbnail","6":"product_cat-bar-queijo-vinhos","8":"first","9":"instock","10":"shipping-taxable","11":"product-type-simple"},"_links":{"self":[{"href":"https:\/\/promoalge.com.br\/index.php?rest_route=\/wp\/v2\/product\/9477","targetHints":{"allow":["GET"]}}],"collection":[{"href":"https:\/\/promoalge.com.br\/index.php?rest_route=\/wp\/v2\/product"}],"about":[{"href":"https:\/\/promoalge.com.br\/index.php?rest_route=\/wp\/v2\/types\/product"}],"wp:featuredmedia":[{"embeddable":true,"href":"https:\/\/promoalge.com.br\/index.php?rest_route=\/wp\/v2\/media\/9478"}],"wp:attachment":[{"href":"https:\/\/promoalge.com.br\/index.php?rest_route=%2Fwp%2Fv2%2Fmedia&parent=9477"}],"wp:term":[{"taxonomy":"product_brand","embeddable":true,"href":"https:\/\/promoalge.com.br\/index.php?rest_route=%2Fwp%2Fv2%2Fproduct_brand&post=9477"},{"taxonomy":"product_cat","embeddable":true,"href":"https:\/\/promoalge.com.br\/index.php?rest_route=%2Fwp%2Fv2%2Fproduct_cat&post=9477"},{"taxonomy":"product_tag","embeddable":true,"href":"https:\/\/promoalge.com.br\/index.php?rest_route=%2Fwp%2Fv2%2Fproduct_tag&post=9477"}],"curies":[{"name":"wp","href":"https:\/\/api.w.org\/{rel}","templated":true}]}}