{"id":9495,"date":"2024-12-17T13:58:57","date_gmt":"2024-12-17T16:58:57","guid":{"rendered":"https:\/\/promoalge.com.br\/?post_type=product&#038;p=9495"},"modified":"2025-04-08T18:08:58","modified_gmt":"2025-04-08T21:08:58","slug":"pochete-oxford-pr-18885","status":"publish","type":"product","link":"https:\/\/promoalge.com.br\/?product=pochete-oxford-pr-18885","title":{"rendered":"Pochete Oxford &#8211; PR 18885"},"content":{"rendered":"","protected":false},"excerpt":{"rendered":"<p>Descri\u00e7\u00e3o: Compacta e funcional, nossa pochete \u00e9 ideal para quem quer carregar acess\u00f3rios e itens essenciais de forma segura e pr\u00e1tica. Feita em tecido oxford, resistente e dur\u00e1vel, ela possui dois compartimentos \u2013 um frontal e outro traseiro \u2013 perfeitos para organizar celulares, cart\u00f5es, chaves, documentos e dinheiro. A al\u00e7a ajust\u00e1vel garante o ajuste ideal para todos os corpos, oferecendo conforto sem comprometer o estilo. Vers\u00e1til e unissex, esta pochete \u00e9 excelente para atividades ao ar livre, como caminhadas, trilhas e idas ao parque, al\u00e9m de ser uma \u00f3tima op\u00e7\u00e3o para o uso di\u00e1rio. Mantenha seus pertences sempre \u00e0 m\u00e3o e aproveite a liberdade de movimento com mais tranquilidade e praticidade.<\/p>\n<p>Altura :  12,7 cm<\/p>\n<p>Largura :  28,7 cm<\/p>\n<p>Comprimento :  Al\u00e7a: 35 cm<\/p>\n<p>Quantidade minima de 50 unidades<\/p>\n","protected":false},"featured_media":9496,"template":"","meta":[],"product_brand":[],"product_cat":[79,353],"product_tag":[],"class_list":{"0":"post-9495","1":"product","2":"type-product","3":"status-publish","4":"has-post-thumbnail","6":"product_cat-bolsas-mochilas","7":"product_cat-diversos","9":"first","10":"instock","11":"shipping-taxable","12":"product-type-simple"},"_links":{"self":[{"href":"https:\/\/promoalge.com.br\/index.php?rest_route=\/wp\/v2\/product\/9495","targetHints":{"allow":["GET"]}}],"collection":[{"href":"https:\/\/promoalge.com.br\/index.php?rest_route=\/wp\/v2\/product"}],"about":[{"href":"https:\/\/promoalge.com.br\/index.php?rest_route=\/wp\/v2\/types\/product"}],"wp:featuredmedia":[{"embeddable":true,"href":"https:\/\/promoalge.com.br\/index.php?rest_route=\/wp\/v2\/media\/9496"}],"wp:attachment":[{"href":"https:\/\/promoalge.com.br\/index.php?rest_route=%2Fwp%2Fv2%2Fmedia&parent=9495"}],"wp:term":[{"taxonomy":"product_brand","embeddable":true,"href":"https:\/\/promoalge.com.br\/index.php?rest_route=%2Fwp%2Fv2%2Fproduct_brand&post=9495"},{"taxonomy":"product_cat","embeddable":true,"href":"https:\/\/promoalge.com.br\/index.php?rest_route=%2Fwp%2Fv2%2Fproduct_cat&post=9495"},{"taxonomy":"product_tag","embeddable":true,"href":"https:\/\/promoalge.com.br\/index.php?rest_route=%2Fwp%2Fv2%2Fproduct_tag&post=9495"}],"curies":[{"name":"wp","href":"https:\/\/api.w.org\/{rel}","templated":true}]}}