{"id":9497,"date":"2024-12-17T14:00:12","date_gmt":"2024-12-17T17:00:12","guid":{"rendered":"https:\/\/promoalge.com.br\/?post_type=product&#038;p=9497"},"modified":"2025-04-08T18:08:45","modified_gmt":"2025-04-08T21:08:45","slug":"pochete-esportiva-lycra-pr-18886","status":"publish","type":"product","link":"https:\/\/promoalge.com.br\/?product=pochete-esportiva-lycra-pr-18886","title":{"rendered":"Pochete Esportiva Lycra &#8211; PR 18886"},"content":{"rendered":"","protected":false},"excerpt":{"rendered":"<p>Descri\u00e7\u00e3o: Pratique atividade com mais seguran\u00e7a e conforto com nossa Pochete Antifurto Esportiva. Vers\u00e1til, ela pode ser usada de ambos os lados e conta com uma faixa refletiva que garante maior prote\u00e7\u00e3o durante caminhadas noturnas. Produzida em lycra, oferece dois compartimentos: um ideal para guardar documentos, chaves e dinheiro, e outro exclusivo para celulares, com visor pl\u00e1stico sens\u00edvel ao toque, compat\u00edvel com dispositivos de at\u00e9 7,9 cm de largura e 15,9 cm de altura. Al\u00e9m disso, possui um cinto el\u00e1stico ajust\u00e1vel, garantindo um ajuste perfeito e conforto absoluto em qualquer situa\u00e7\u00e3o. Para completar, conta com uma sa\u00edda para fones de ouvido, permitindo curtir m\u00fasicas  sem complica\u00e7\u00f5es.<\/p>\n<p>Altura :  11,5 cm<\/p>\n<p>Largura :  25 cm<\/p>\n<p>Comprimento :  67,5 cm<\/p>\n<p>Quantidade minima de 50 unidades<\/p>\n","protected":false},"featured_media":9498,"template":"","meta":[],"product_brand":[],"product_cat":[79,353],"product_tag":[],"class_list":{"0":"post-9497","1":"product","2":"type-product","3":"status-publish","4":"has-post-thumbnail","6":"product_cat-bolsas-mochilas","7":"product_cat-diversos","9":"first","10":"instock","11":"shipping-taxable","12":"product-type-simple"},"_links":{"self":[{"href":"https:\/\/promoalge.com.br\/index.php?rest_route=\/wp\/v2\/product\/9497","targetHints":{"allow":["GET"]}}],"collection":[{"href":"https:\/\/promoalge.com.br\/index.php?rest_route=\/wp\/v2\/product"}],"about":[{"href":"https:\/\/promoalge.com.br\/index.php?rest_route=\/wp\/v2\/types\/product"}],"wp:featuredmedia":[{"embeddable":true,"href":"https:\/\/promoalge.com.br\/index.php?rest_route=\/wp\/v2\/media\/9498"}],"wp:attachment":[{"href":"https:\/\/promoalge.com.br\/index.php?rest_route=%2Fwp%2Fv2%2Fmedia&parent=9497"}],"wp:term":[{"taxonomy":"product_brand","embeddable":true,"href":"https:\/\/promoalge.com.br\/index.php?rest_route=%2Fwp%2Fv2%2Fproduct_brand&post=9497"},{"taxonomy":"product_cat","embeddable":true,"href":"https:\/\/promoalge.com.br\/index.php?rest_route=%2Fwp%2Fv2%2Fproduct_cat&post=9497"},{"taxonomy":"product_tag","embeddable":true,"href":"https:\/\/promoalge.com.br\/index.php?rest_route=%2Fwp%2Fv2%2Fproduct_tag&post=9497"}],"curies":[{"name":"wp","href":"https:\/\/api.w.org\/{rel}","templated":true}]}}