{"id":9509,"date":"2024-12-17T14:14:44","date_gmt":"2024-12-17T17:14:44","guid":{"rendered":"https:\/\/promoalge.com.br\/?post_type=product&#038;p=9509"},"modified":"2024-12-17T14:14:45","modified_gmt":"2024-12-17T17:14:45","slug":"necessaire-organizadora-de-poliester-pr-18686-2","status":"publish","type":"product","link":"https:\/\/promoalge.com.br\/?product=necessaire-organizadora-de-poliester-pr-18686-2","title":{"rendered":"N\u00e9cessaire Organizadora de Poli\u00e9ster &#8211; PR 18686"},"content":{"rendered":"","protected":false},"excerpt":{"rendered":"<p>Descri\u00e7\u00e3o: N\u00e9cessaire respir\u00e1vel de poli\u00e9ster com pequeno bolso resistente \u00e0 \u00e1gua.<\/p>\n<p>Altura :  16 cm<\/p>\n<p>Profundidade :  7,5 cm<\/p>\n<p>Comprimento :  26 cm<\/p>\n<p>Quantidade minima de 50 unidades<\/p>\n","protected":false},"featured_media":9510,"template":"","meta":[],"product_brand":[],"product_cat":[416],"product_tag":[],"class_list":{"0":"post-9509","1":"product","2":"type-product","3":"status-publish","4":"has-post-thumbnail","6":"product_cat-necessaire","8":"first","9":"instock","10":"shipping-taxable","11":"product-type-simple"},"_links":{"self":[{"href":"https:\/\/promoalge.com.br\/index.php?rest_route=\/wp\/v2\/product\/9509","targetHints":{"allow":["GET"]}}],"collection":[{"href":"https:\/\/promoalge.com.br\/index.php?rest_route=\/wp\/v2\/product"}],"about":[{"href":"https:\/\/promoalge.com.br\/index.php?rest_route=\/wp\/v2\/types\/product"}],"wp:featuredmedia":[{"embeddable":true,"href":"https:\/\/promoalge.com.br\/index.php?rest_route=\/wp\/v2\/media\/9510"}],"wp:attachment":[{"href":"https:\/\/promoalge.com.br\/index.php?rest_route=%2Fwp%2Fv2%2Fmedia&parent=9509"}],"wp:term":[{"taxonomy":"product_brand","embeddable":true,"href":"https:\/\/promoalge.com.br\/index.php?rest_route=%2Fwp%2Fv2%2Fproduct_brand&post=9509"},{"taxonomy":"product_cat","embeddable":true,"href":"https:\/\/promoalge.com.br\/index.php?rest_route=%2Fwp%2Fv2%2Fproduct_cat&post=9509"},{"taxonomy":"product_tag","embeddable":true,"href":"https:\/\/promoalge.com.br\/index.php?rest_route=%2Fwp%2Fv2%2Fproduct_tag&post=9509"}],"curies":[{"name":"wp","href":"https:\/\/api.w.org\/{rel}","templated":true}]}}