{"id":9511,"date":"2024-12-17T14:17:34","date_gmt":"2024-12-17T17:17:34","guid":{"rendered":"https:\/\/promoalge.com.br\/?post_type=product&#038;p=9511"},"modified":"2024-12-17T14:17:34","modified_gmt":"2024-12-17T17:17:34","slug":"necessaire-com-3-compartimentos-pr-18872","status":"publish","type":"product","link":"https:\/\/promoalge.com.br\/?product=necessaire-com-3-compartimentos-pr-18872","title":{"rendered":"N\u00e9cessaire com 3 Compartimentos &#8211; PR 18872"},"content":{"rendered":"","protected":false},"excerpt":{"rendered":"<p>Descri\u00e7\u00e3o: Mantenha seus itens de higiene organizados com esta n\u00e9cessaire de grande capacidade, perfeita para viagens e o dia a dia. Ela possui tr\u00eas \u00e1reas de armazenamento: um bolso superior em malha, ideal para pequenos itens; um compartimento central com z\u00edper para itens maiores e tr\u00eas bolsos organiz\u00e1veis para f\u00e1cil acesso; um bolso inferior em malha para guardar objetos mais volumosos. Pr\u00e1tica, vem com um gancho para pendur\u00e1-la e facilitar o acesso aos produtos. E ainda cont\u00e9m um bolso externo com menos espa\u00e7o, mas ideal para carregar itens menores. Feita em poli\u00e9ster, \u00e9 compacta e f\u00e1cil de transportar, cabendo em mochilas e malas, al\u00e9m de um espa\u00e7o com material emborrachado, que permite uma personaliza\u00e7\u00e3o exclusiva.<\/p>\n<p>Altura :  15,5 cm<\/p>\n<p>Largura :  24,7 cm<\/p>\n<p>Profundidade :  7,3 cm<\/p>\n<p>Quantidade minima de 50 unidades<\/p>\n","protected":false},"featured_media":9512,"template":"","meta":[],"product_brand":[],"product_cat":[416],"product_tag":[],"class_list":{"0":"post-9511","1":"product","2":"type-product","3":"status-publish","4":"has-post-thumbnail","6":"product_cat-necessaire","8":"first","9":"instock","10":"shipping-taxable","11":"product-type-simple"},"_links":{"self":[{"href":"https:\/\/promoalge.com.br\/index.php?rest_route=\/wp\/v2\/product\/9511","targetHints":{"allow":["GET"]}}],"collection":[{"href":"https:\/\/promoalge.com.br\/index.php?rest_route=\/wp\/v2\/product"}],"about":[{"href":"https:\/\/promoalge.com.br\/index.php?rest_route=\/wp\/v2\/types\/product"}],"wp:featuredmedia":[{"embeddable":true,"href":"https:\/\/promoalge.com.br\/index.php?rest_route=\/wp\/v2\/media\/9512"}],"wp:attachment":[{"href":"https:\/\/promoalge.com.br\/index.php?rest_route=%2Fwp%2Fv2%2Fmedia&parent=9511"}],"wp:term":[{"taxonomy":"product_brand","embeddable":true,"href":"https:\/\/promoalge.com.br\/index.php?rest_route=%2Fwp%2Fv2%2Fproduct_brand&post=9511"},{"taxonomy":"product_cat","embeddable":true,"href":"https:\/\/promoalge.com.br\/index.php?rest_route=%2Fwp%2Fv2%2Fproduct_cat&post=9511"},{"taxonomy":"product_tag","embeddable":true,"href":"https:\/\/promoalge.com.br\/index.php?rest_route=%2Fwp%2Fv2%2Fproduct_tag&post=9511"}],"curies":[{"name":"wp","href":"https:\/\/api.w.org\/{rel}","templated":true}]}}