{"id":9513,"date":"2024-12-17T14:19:08","date_gmt":"2024-12-17T17:19:08","guid":{"rendered":"https:\/\/promoalge.com.br\/?post_type=product&#038;p=9513"},"modified":"2024-12-17T14:19:08","modified_gmt":"2024-12-17T17:19:08","slug":"necessaire-poliester-pr-18873","status":"publish","type":"product","link":"https:\/\/promoalge.com.br\/?product=necessaire-poliester-pr-18873","title":{"rendered":"N\u00e9cessaire Poli\u00e9ster &#8211; PR 18873"},"content":{"rendered":"","protected":false},"excerpt":{"rendered":"<p>Descri\u00e7\u00e3o: Item indispens\u00e1vel para facilitar viagens e a rotina do dia a dia, perfeita para guardar diversos itens como maquiagens, cremes e produtos de higiene de forma mais organizada. Resistente \u00e0 \u00e1gua, nossa necess\u00e1ire possui tr\u00eas compartimentos: um com divis\u00f3rias, outro com dois bolsinhos e o principal, amplo e com tela, tornando-a ideal para levar desde escova de dente, cremes e at\u00e9 toalhas de m\u00e3o. Feita em poli\u00e9ster, ela \u00e9 compacta cabendo facilmente em mochilas e malas. Ainda possui duas al\u00e7as, sendo uma de m\u00e3o e outra para chaves, al\u00e9m de um espa\u00e7o em material emborrachado, que permite uma personaliza\u00e7\u00e3o exclusiva.<\/p>\n<p>Altura :  14,5 cm<\/p>\n<p>Largura :  25,5 cm<\/p>\n<p>Profundidade :  10 cm<\/p>\n<p>Quantidade minima de 50 unidades<\/p>\n","protected":false},"featured_media":9514,"template":"","meta":[],"product_brand":[],"product_cat":[416],"product_tag":[],"class_list":{"0":"post-9513","1":"product","2":"type-product","3":"status-publish","4":"has-post-thumbnail","6":"product_cat-necessaire","8":"first","9":"instock","10":"shipping-taxable","11":"product-type-simple"},"_links":{"self":[{"href":"https:\/\/promoalge.com.br\/index.php?rest_route=\/wp\/v2\/product\/9513","targetHints":{"allow":["GET"]}}],"collection":[{"href":"https:\/\/promoalge.com.br\/index.php?rest_route=\/wp\/v2\/product"}],"about":[{"href":"https:\/\/promoalge.com.br\/index.php?rest_route=\/wp\/v2\/types\/product"}],"wp:featuredmedia":[{"embeddable":true,"href":"https:\/\/promoalge.com.br\/index.php?rest_route=\/wp\/v2\/media\/9514"}],"wp:attachment":[{"href":"https:\/\/promoalge.com.br\/index.php?rest_route=%2Fwp%2Fv2%2Fmedia&parent=9513"}],"wp:term":[{"taxonomy":"product_brand","embeddable":true,"href":"https:\/\/promoalge.com.br\/index.php?rest_route=%2Fwp%2Fv2%2Fproduct_brand&post=9513"},{"taxonomy":"product_cat","embeddable":true,"href":"https:\/\/promoalge.com.br\/index.php?rest_route=%2Fwp%2Fv2%2Fproduct_cat&post=9513"},{"taxonomy":"product_tag","embeddable":true,"href":"https:\/\/promoalge.com.br\/index.php?rest_route=%2Fwp%2Fv2%2Fproduct_tag&post=9513"}],"curies":[{"name":"wp","href":"https:\/\/api.w.org\/{rel}","templated":true}]}}