{"id":9516,"date":"2025-01-03T13:36:02","date_gmt":"2025-01-03T16:36:02","guid":{"rendered":"http:\/\/promoalge.com.br\/?post_type=product&#038;p=9516"},"modified":"2025-01-03T13:36:03","modified_gmt":"2025-01-03T16:36:03","slug":"bloco-de-anotacoes-com-caneta-pr18739","status":"publish","type":"product","link":"https:\/\/promoalge.com.br\/?product=bloco-de-anotacoes-com-caneta-pr18739","title":{"rendered":"Bloco de Anota\u00e7\u00f5es com Caneta &#8211; PR18739"},"content":{"rendered":"","protected":false},"excerpt":{"rendered":"<p>Kit para anota\u00e7\u00f5es em couro sint\u00e9tico com autoadesivos e caneta pl\u00e1stica. Cont\u00e9m 3 blocos com aproximadamente 50 folhas, conjunto de 5 marcadores pl\u00e1sticos autoadesivos com aproximadamente 25 folhas e caneta pl\u00e1stica touchscreen com carga esferogr\u00e1fica azul 1.0mm e acionamento por rota\u00e7\u00e3o.<br \/>\nAltura :  19,2 cm;<br \/>\nLargura :  12 cm;<br \/>\nEspessura :  1,8 cm;<br \/>\nGrava\u00e7\u00e3o serigrafia em 1 cor no bloco e caneta.<\/p>\n<p>* M\u00ednimo 100 unidades.<\/p>\n","protected":false},"featured_media":9517,"template":"","meta":[],"product_brand":[],"product_cat":[409],"product_tag":[],"class_list":{"0":"post-9516","1":"product","2":"type-product","3":"status-publish","4":"has-post-thumbnail","6":"product_cat-escritorio","8":"first","9":"instock","10":"shipping-taxable","11":"product-type-simple"},"_links":{"self":[{"href":"https:\/\/promoalge.com.br\/index.php?rest_route=\/wp\/v2\/product\/9516","targetHints":{"allow":["GET"]}}],"collection":[{"href":"https:\/\/promoalge.com.br\/index.php?rest_route=\/wp\/v2\/product"}],"about":[{"href":"https:\/\/promoalge.com.br\/index.php?rest_route=\/wp\/v2\/types\/product"}],"wp:featuredmedia":[{"embeddable":true,"href":"https:\/\/promoalge.com.br\/index.php?rest_route=\/wp\/v2\/media\/9517"}],"wp:attachment":[{"href":"https:\/\/promoalge.com.br\/index.php?rest_route=%2Fwp%2Fv2%2Fmedia&parent=9516"}],"wp:term":[{"taxonomy":"product_brand","embeddable":true,"href":"https:\/\/promoalge.com.br\/index.php?rest_route=%2Fwp%2Fv2%2Fproduct_brand&post=9516"},{"taxonomy":"product_cat","embeddable":true,"href":"https:\/\/promoalge.com.br\/index.php?rest_route=%2Fwp%2Fv2%2Fproduct_cat&post=9516"},{"taxonomy":"product_tag","embeddable":true,"href":"https:\/\/promoalge.com.br\/index.php?rest_route=%2Fwp%2Fv2%2Fproduct_tag&post=9516"}],"curies":[{"name":"wp","href":"https:\/\/api.w.org\/{rel}","templated":true}]}}