{"id":9528,"date":"2025-01-21T11:26:49","date_gmt":"2025-01-21T14:26:49","guid":{"rendered":"https:\/\/promoalge.com.br\/?post_type=product&#038;p=9528"},"modified":"2025-01-27T12:22:41","modified_gmt":"2025-01-27T15:22:41","slug":"garrafa-inox-1-litro-pr-18888","status":"publish","type":"product","link":"https:\/\/promoalge.com.br\/?product=garrafa-inox-1-litro-pr-18888","title":{"rendered":"Garrafa Inox 1 Litro &#8211; PR 18888"},"content":{"rendered":"","protected":false},"excerpt":{"rendered":"<p>Descri\u00e7\u00e3o: A garrafa inox de 1 litro \u00e9 a op\u00e7\u00e3o perfeita para quem precisa de praticidade e resist\u00eancia no dia a dia. Feita em inox, \u00e9 super dur\u00e1vel e resistente. Sua tampa de alum\u00ednio, possui silicone de veda\u00e7\u00e3o interno, que diminui o risco de vazamentos, mantendo tudo seguro e sem bagun\u00e7a. E, para facilitar o transporte, ela vem com uma al\u00e7a de nylon, super confort\u00e1vel e resistente.<\/p>\n<p>Altura :  28,2 cm<\/p>\n<p>Largura :  7,3 cm<\/p>\n<p>Circunfer\u00eancia :  22,9 cm<\/p>\n<p>Quantidade minima de 50 unidades<\/p>\n","protected":false},"featured_media":9529,"template":"","meta":[],"product_brand":[],"product_cat":[237],"product_tag":[],"class_list":{"0":"post-9528","1":"product","2":"type-product","3":"status-publish","4":"has-post-thumbnail","6":"product_cat-metalicas","8":"first","9":"instock","10":"shipping-taxable","11":"product-type-simple"},"_links":{"self":[{"href":"https:\/\/promoalge.com.br\/index.php?rest_route=\/wp\/v2\/product\/9528","targetHints":{"allow":["GET"]}}],"collection":[{"href":"https:\/\/promoalge.com.br\/index.php?rest_route=\/wp\/v2\/product"}],"about":[{"href":"https:\/\/promoalge.com.br\/index.php?rest_route=\/wp\/v2\/types\/product"}],"wp:featuredmedia":[{"embeddable":true,"href":"https:\/\/promoalge.com.br\/index.php?rest_route=\/wp\/v2\/media\/9529"}],"wp:attachment":[{"href":"https:\/\/promoalge.com.br\/index.php?rest_route=%2Fwp%2Fv2%2Fmedia&parent=9528"}],"wp:term":[{"taxonomy":"product_brand","embeddable":true,"href":"https:\/\/promoalge.com.br\/index.php?rest_route=%2Fwp%2Fv2%2Fproduct_brand&post=9528"},{"taxonomy":"product_cat","embeddable":true,"href":"https:\/\/promoalge.com.br\/index.php?rest_route=%2Fwp%2Fv2%2Fproduct_cat&post=9528"},{"taxonomy":"product_tag","embeddable":true,"href":"https:\/\/promoalge.com.br\/index.php?rest_route=%2Fwp%2Fv2%2Fproduct_tag&post=9528"}],"curies":[{"name":"wp","href":"https:\/\/api.w.org\/{rel}","templated":true}]}}