{"id":9534,"date":"2025-01-21T11:32:56","date_gmt":"2025-01-21T14:32:56","guid":{"rendered":"https:\/\/promoalge.com.br\/?post_type=product&#038;p=9534"},"modified":"2025-01-27T12:22:04","modified_gmt":"2025-01-27T15:22:04","slug":"kit-churrasco-9-pecas-pr-18893","status":"publish","type":"product","link":"https:\/\/promoalge.com.br\/?product=kit-churrasco-9-pecas-pr-18893","title":{"rendered":"Kit Churrasco 9 Pe\u00e7as &#8211; PR 18893"},"content":{"rendered":"","protected":false},"excerpt":{"rendered":"<p>Descri\u00e7\u00e3o: O kit completo para um churrasco perfeito! Este conjunto inclui uma faca de 6,5 polegadas, garfo trinchante, pegador, esp\u00e1tula, chaira e 4 pegadores de petiscos, unindo funcionalidade e qualidade em cada pe\u00e7a. Feitas em a\u00e7o inoxid\u00e1vel, as pe\u00e7as contam com cabos de madeira, que adicionam um toque r\u00fastico e elegante ao design. Tudo isso vem acomodado em um pr\u00e1tico estojo de nylon com al\u00e7as, ideal para transporte e organiza\u00e7\u00e3o de cada item. Para deixar o kit ainda mais especial, ele acompanha uma plaquinha met\u00e1lica personaliz\u00e1vel com verso autoadesivo, perfeita para dar um toque exclusivo a esse conjunto indispens\u00e1vel para amantes de churrasco!<\/p>\n<p>Altura :  43 cm<\/p>\n<p>Largura :  15 cm<\/p>\n<p>Quantidade minima de 50 unidades <\/p>\n","protected":false},"featured_media":9535,"template":"","meta":[],"product_brand":[],"product_cat":[412],"product_tag":[],"class_list":{"0":"post-9534","1":"product","2":"type-product","3":"status-publish","4":"has-post-thumbnail","6":"product_cat-kits-churrasco","8":"first","9":"instock","10":"shipping-taxable","11":"product-type-simple"},"_links":{"self":[{"href":"https:\/\/promoalge.com.br\/index.php?rest_route=\/wp\/v2\/product\/9534","targetHints":{"allow":["GET"]}}],"collection":[{"href":"https:\/\/promoalge.com.br\/index.php?rest_route=\/wp\/v2\/product"}],"about":[{"href":"https:\/\/promoalge.com.br\/index.php?rest_route=\/wp\/v2\/types\/product"}],"wp:featuredmedia":[{"embeddable":true,"href":"https:\/\/promoalge.com.br\/index.php?rest_route=\/wp\/v2\/media\/9535"}],"wp:attachment":[{"href":"https:\/\/promoalge.com.br\/index.php?rest_route=%2Fwp%2Fv2%2Fmedia&parent=9534"}],"wp:term":[{"taxonomy":"product_brand","embeddable":true,"href":"https:\/\/promoalge.com.br\/index.php?rest_route=%2Fwp%2Fv2%2Fproduct_brand&post=9534"},{"taxonomy":"product_cat","embeddable":true,"href":"https:\/\/promoalge.com.br\/index.php?rest_route=%2Fwp%2Fv2%2Fproduct_cat&post=9534"},{"taxonomy":"product_tag","embeddable":true,"href":"https:\/\/promoalge.com.br\/index.php?rest_route=%2Fwp%2Fv2%2Fproduct_tag&post=9534"}],"curies":[{"name":"wp","href":"https:\/\/api.w.org\/{rel}","templated":true}]}}