{"id":9536,"date":"2025-01-21T11:37:49","date_gmt":"2025-01-21T14:37:49","guid":{"rendered":"https:\/\/promoalge.com.br\/?post_type=product&#038;p=9536"},"modified":"2025-01-21T11:37:49","modified_gmt":"2025-01-21T14:37:49","slug":"kit-chuva-2-pecas-pr-12826","status":"publish","type":"product","link":"https:\/\/promoalge.com.br\/?product=kit-chuva-2-pecas-pr-12826","title":{"rendered":"Kit Chuva 2 Pe\u00e7as &#8211; PR 12826"},"content":{"rendered":"","protected":false},"excerpt":{"rendered":"<p>Descri\u00e7\u00e3o: Encare qualquer mudan\u00e7a de clima com o nosso kit capa de chuva e guarda-chuva. Feito para quem busca praticidade e prote\u00e7\u00e3o durante os dias chuvosos, o nosso guarda-chuva de nylon conta com uma estrutura refor\u00e7ada de 7 varetas de a\u00e7o, bot\u00e3o de abertura, al\u00e7a para segurar ou enganch\u00e1-lo quando n\u00e3o estiver em uso e uma capinha protetora. Essa \u00e9 a combina\u00e7\u00e3o ideal para proteger a parte superior do corpo, enquanto a capa de chuva, feita em pl\u00e1stico resistente, garante prote\u00e7\u00e3o para o restante. Al\u00e9m disso, a capa possui touca com cord\u00e3o ajust\u00e1vel e fechamento por bot\u00f5es de press\u00e3o. Ambos os itens v\u00eam em um estojo \u00fanico de nylon, com al\u00e7a ajust\u00e1vel para fechamento seguro e mosquet\u00e3o para prender em malas ou mochilas, oferecendo mais praticidade durante as mudan\u00e7as de clima.<\/p>\n<p>Altura :  30 cm<\/p>\n<p>Largura :  21,9 cm<\/p>\n<p>Quantidade minima de 50 unidades<\/p>\n","protected":false},"featured_media":9537,"template":"","meta":[],"product_brand":[],"product_cat":[353],"product_tag":[],"class_list":{"0":"post-9536","1":"product","2":"type-product","3":"status-publish","4":"has-post-thumbnail","6":"product_cat-diversos","8":"first","9":"instock","10":"shipping-taxable","11":"product-type-simple"},"_links":{"self":[{"href":"https:\/\/promoalge.com.br\/index.php?rest_route=\/wp\/v2\/product\/9536","targetHints":{"allow":["GET"]}}],"collection":[{"href":"https:\/\/promoalge.com.br\/index.php?rest_route=\/wp\/v2\/product"}],"about":[{"href":"https:\/\/promoalge.com.br\/index.php?rest_route=\/wp\/v2\/types\/product"}],"wp:featuredmedia":[{"embeddable":true,"href":"https:\/\/promoalge.com.br\/index.php?rest_route=\/wp\/v2\/media\/9537"}],"wp:attachment":[{"href":"https:\/\/promoalge.com.br\/index.php?rest_route=%2Fwp%2Fv2%2Fmedia&parent=9536"}],"wp:term":[{"taxonomy":"product_brand","embeddable":true,"href":"https:\/\/promoalge.com.br\/index.php?rest_route=%2Fwp%2Fv2%2Fproduct_brand&post=9536"},{"taxonomy":"product_cat","embeddable":true,"href":"https:\/\/promoalge.com.br\/index.php?rest_route=%2Fwp%2Fv2%2Fproduct_cat&post=9536"},{"taxonomy":"product_tag","embeddable":true,"href":"https:\/\/promoalge.com.br\/index.php?rest_route=%2Fwp%2Fv2%2Fproduct_tag&post=9536"}],"curies":[{"name":"wp","href":"https:\/\/api.w.org\/{rel}","templated":true}]}}