{"id":9538,"date":"2025-01-21T11:39:54","date_gmt":"2025-01-21T14:39:54","guid":{"rendered":"https:\/\/promoalge.com.br\/?post_type=product&#038;p=9538"},"modified":"2025-03-19T20:38:19","modified_gmt":"2025-03-19T23:38:19","slug":"caneta-metal-pr-08268","status":"publish","type":"product","link":"https:\/\/promoalge.com.br\/?product=caneta-metal-pr-08268","title":{"rendered":"Caneta Metal &#8211; PR 08268"},"content":{"rendered":"","protected":false},"excerpt":{"rendered":"<p>Descri\u00e7\u00e3o: Para anotar cada detalhe com eleg\u00e2ncia, conhe\u00e7a a uni\u00e3o da sofistica\u00e7\u00e3o com a praticidade em um design impec\u00e1vel. Com acabamento vibrante e de diversas cores, possui acionamento por clique, conta com carga esferogr\u00e1fica azul de 1.0mm, que garante uma escrita macia, flu\u00edda e precisa. Perfeita para quem valoriza estilo e funcionalidade em cada movimento!<\/p>\n<p>Largura :  1,4 cm<\/p>\n<p>Comprimento :  13,7 cm<\/p>\n<p>Quantidade minima de 50 unidades<\/p>\n","protected":false},"featured_media":9539,"template":"","meta":[],"product_brand":[],"product_cat":[346],"product_tag":[],"class_list":{"0":"post-9538","1":"product","2":"type-product","3":"status-publish","4":"has-post-thumbnail","6":"product_cat-canetas-metalicas","8":"first","9":"instock","10":"shipping-taxable","11":"product-type-simple"},"_links":{"self":[{"href":"https:\/\/promoalge.com.br\/index.php?rest_route=\/wp\/v2\/product\/9538","targetHints":{"allow":["GET"]}}],"collection":[{"href":"https:\/\/promoalge.com.br\/index.php?rest_route=\/wp\/v2\/product"}],"about":[{"href":"https:\/\/promoalge.com.br\/index.php?rest_route=\/wp\/v2\/types\/product"}],"wp:featuredmedia":[{"embeddable":true,"href":"https:\/\/promoalge.com.br\/index.php?rest_route=\/wp\/v2\/media\/9539"}],"wp:attachment":[{"href":"https:\/\/promoalge.com.br\/index.php?rest_route=%2Fwp%2Fv2%2Fmedia&parent=9538"}],"wp:term":[{"taxonomy":"product_brand","embeddable":true,"href":"https:\/\/promoalge.com.br\/index.php?rest_route=%2Fwp%2Fv2%2Fproduct_brand&post=9538"},{"taxonomy":"product_cat","embeddable":true,"href":"https:\/\/promoalge.com.br\/index.php?rest_route=%2Fwp%2Fv2%2Fproduct_cat&post=9538"},{"taxonomy":"product_tag","embeddable":true,"href":"https:\/\/promoalge.com.br\/index.php?rest_route=%2Fwp%2Fv2%2Fproduct_tag&post=9538"}],"curies":[{"name":"wp","href":"https:\/\/api.w.org\/{rel}","templated":true}]}}