{"id":9550,"date":"2025-01-21T11:53:07","date_gmt":"2025-01-21T14:53:07","guid":{"rendered":"https:\/\/promoalge.com.br\/?post_type=product&#038;p=9550"},"modified":"2025-01-21T11:53:33","modified_gmt":"2025-01-21T14:53:33","slug":"necessaire-organizadora-com-gancho-pr-18506b","status":"publish","type":"product","link":"https:\/\/promoalge.com.br\/?product=necessaire-organizadora-com-gancho-pr-18506b","title":{"rendered":"N\u00e9cessaire Organizadora com Gancho &#8211; PR 18506B"},"content":{"rendered":"","protected":false},"excerpt":{"rendered":"<p>Descri\u00e7\u00e3o: A bolsa de higiene pessoal para viagens \u00e9 a escolha perfeita para quem busca praticidade e organiza\u00e7\u00e3o. Feita em tecido Oxford resistente \u00e0 agua, ela \u00e9 f\u00e1cil de limpar. Com um design funcional, possui compartimentos amplos que acomodam itens essenciais, desde acess\u00f3rios de maquiagem, como pinc\u00e9is \u00e0 cremes e escovas de dente. Al\u00e9m de contar com um gancho pr\u00e1tico para pendurar e manter tudo ao seu alcance. Compacta, mas com muito espa\u00e7o, esta n\u00e9cessaire combina estilo moderno e praticidade.<\/p>\n<p>Largura :  19,5 cm<\/p>\n<p>Profundidade :  7 cm<\/p>\n<p>Comprimento :  Fechada: 19 cm<\/p>\n<p>Quantidade minima de 50 unidades<\/p>\n","protected":false},"featured_media":9551,"template":"","meta":[],"product_brand":[],"product_cat":[416],"product_tag":[],"class_list":{"0":"post-9550","1":"product","2":"type-product","3":"status-publish","4":"has-post-thumbnail","6":"product_cat-necessaire","8":"first","9":"instock","10":"shipping-taxable","11":"product-type-simple"},"_links":{"self":[{"href":"https:\/\/promoalge.com.br\/index.php?rest_route=\/wp\/v2\/product\/9550","targetHints":{"allow":["GET"]}}],"collection":[{"href":"https:\/\/promoalge.com.br\/index.php?rest_route=\/wp\/v2\/product"}],"about":[{"href":"https:\/\/promoalge.com.br\/index.php?rest_route=\/wp\/v2\/types\/product"}],"wp:featuredmedia":[{"embeddable":true,"href":"https:\/\/promoalge.com.br\/index.php?rest_route=\/wp\/v2\/media\/9551"}],"wp:attachment":[{"href":"https:\/\/promoalge.com.br\/index.php?rest_route=%2Fwp%2Fv2%2Fmedia&parent=9550"}],"wp:term":[{"taxonomy":"product_brand","embeddable":true,"href":"https:\/\/promoalge.com.br\/index.php?rest_route=%2Fwp%2Fv2%2Fproduct_brand&post=9550"},{"taxonomy":"product_cat","embeddable":true,"href":"https:\/\/promoalge.com.br\/index.php?rest_route=%2Fwp%2Fv2%2Fproduct_cat&post=9550"},{"taxonomy":"product_tag","embeddable":true,"href":"https:\/\/promoalge.com.br\/index.php?rest_route=%2Fwp%2Fv2%2Fproduct_tag&post=9550"}],"curies":[{"name":"wp","href":"https:\/\/api.w.org\/{rel}","templated":true}]}}