{"id":9554,"date":"2025-01-21T11:56:16","date_gmt":"2025-01-21T14:56:16","guid":{"rendered":"https:\/\/promoalge.com.br\/?post_type=product&#038;p=9554"},"modified":"2025-04-08T18:01:11","modified_gmt":"2025-04-08T21:01:11","slug":"necessaire-poliester-pr-18805","status":"publish","type":"product","link":"https:\/\/promoalge.com.br\/?product=necessaire-poliester-pr-18805","title":{"rendered":"N\u00e9cessaire Poli\u00e9ster &#8211; PR 18805"},"content":{"rendered":"","protected":false},"excerpt":{"rendered":"<p>Descri\u00e7\u00e3o: Perfeita para manter tudo organizado! Nossa n\u00e9cessaire acomoda facilmente itens de maquiagem, higiene pessoal e muito mais. Feita em poli\u00e9ster resistente \u00e0 \u00e1gua, conta com tr\u00eas divis\u00f3rias e bolso de tela para garantir que tudo fique no lugar. Compacta o suficiente para caber em bolsas e f\u00e1cil de carregar com sua al\u00e7a, \u00e9 a escolha ideal para proteger e organizar seus itens com praticidade.<\/p>\n<p>Altura :  10,5 cm<\/p>\n<p>Largura :  17,5 cm<\/p>\n<p>Profundidade :  8 cm<\/p>\n<p>Quantidade minima de 50 unidades<\/p>\n","protected":false},"featured_media":9555,"template":"","meta":[],"product_brand":[],"product_cat":[416],"product_tag":[],"class_list":{"0":"post-9554","1":"product","2":"type-product","3":"status-publish","4":"has-post-thumbnail","6":"product_cat-necessaire","8":"first","9":"instock","10":"shipping-taxable","11":"product-type-simple"},"_links":{"self":[{"href":"https:\/\/promoalge.com.br\/index.php?rest_route=\/wp\/v2\/product\/9554","targetHints":{"allow":["GET"]}}],"collection":[{"href":"https:\/\/promoalge.com.br\/index.php?rest_route=\/wp\/v2\/product"}],"about":[{"href":"https:\/\/promoalge.com.br\/index.php?rest_route=\/wp\/v2\/types\/product"}],"wp:featuredmedia":[{"embeddable":true,"href":"https:\/\/promoalge.com.br\/index.php?rest_route=\/wp\/v2\/media\/9555"}],"wp:attachment":[{"href":"https:\/\/promoalge.com.br\/index.php?rest_route=%2Fwp%2Fv2%2Fmedia&parent=9554"}],"wp:term":[{"taxonomy":"product_brand","embeddable":true,"href":"https:\/\/promoalge.com.br\/index.php?rest_route=%2Fwp%2Fv2%2Fproduct_brand&post=9554"},{"taxonomy":"product_cat","embeddable":true,"href":"https:\/\/promoalge.com.br\/index.php?rest_route=%2Fwp%2Fv2%2Fproduct_cat&post=9554"},{"taxonomy":"product_tag","embeddable":true,"href":"https:\/\/promoalge.com.br\/index.php?rest_route=%2Fwp%2Fv2%2Fproduct_tag&post=9554"}],"curies":[{"name":"wp","href":"https:\/\/api.w.org\/{rel}","templated":true}]}}