{"id":9556,"date":"2025-01-21T11:58:04","date_gmt":"2025-01-21T14:58:04","guid":{"rendered":"https:\/\/promoalge.com.br\/?post_type=product&#038;p=9556"},"modified":"2025-01-21T11:58:04","modified_gmt":"2025-01-21T14:58:04","slug":"necessaire-pu-pr-18811","status":"publish","type":"product","link":"https:\/\/promoalge.com.br\/?product=necessaire-pu-pr-18811","title":{"rendered":"N\u00e9cessaire PU &#8211; PR 18811"},"content":{"rendered":"","protected":false},"excerpt":{"rendered":"<p>Descri\u00e7\u00e3o: A nossa N\u00e9cessaire feita em PU possui um design de abertura ampla para organizar e armazenar os itens, al\u00e9m da f\u00e1cil visualiza\u00e7\u00e3o interna por conta do seu visor transl\u00facido na parte frontal\/traseira, al\u00e9m da al\u00e7a para facilitar o transporte. A parte interna conta com bolso e &#8220;cabide&#8221; pl\u00e1stico para pendurar este item em qualquer lugar. Este brinde ser\u00e1 uma excelente escolha para o dia a dia.<\/p>\n<p>Altura :  16 cm<\/p>\n<p>Largura :  22 cm<\/p>\n<p>Profundidade :  14 cm<\/p>\n<p>Quantidade minima de 50 unidades<\/p>\n","protected":false},"featured_media":9557,"template":"","meta":[],"product_brand":[],"product_cat":[416],"product_tag":[],"class_list":{"0":"post-9556","1":"product","2":"type-product","3":"status-publish","4":"has-post-thumbnail","6":"product_cat-necessaire","8":"first","9":"instock","10":"shipping-taxable","11":"product-type-simple"},"_links":{"self":[{"href":"https:\/\/promoalge.com.br\/index.php?rest_route=\/wp\/v2\/product\/9556","targetHints":{"allow":["GET"]}}],"collection":[{"href":"https:\/\/promoalge.com.br\/index.php?rest_route=\/wp\/v2\/product"}],"about":[{"href":"https:\/\/promoalge.com.br\/index.php?rest_route=\/wp\/v2\/types\/product"}],"wp:featuredmedia":[{"embeddable":true,"href":"https:\/\/promoalge.com.br\/index.php?rest_route=\/wp\/v2\/media\/9557"}],"wp:attachment":[{"href":"https:\/\/promoalge.com.br\/index.php?rest_route=%2Fwp%2Fv2%2Fmedia&parent=9556"}],"wp:term":[{"taxonomy":"product_brand","embeddable":true,"href":"https:\/\/promoalge.com.br\/index.php?rest_route=%2Fwp%2Fv2%2Fproduct_brand&post=9556"},{"taxonomy":"product_cat","embeddable":true,"href":"https:\/\/promoalge.com.br\/index.php?rest_route=%2Fwp%2Fv2%2Fproduct_cat&post=9556"},{"taxonomy":"product_tag","embeddable":true,"href":"https:\/\/promoalge.com.br\/index.php?rest_route=%2Fwp%2Fv2%2Fproduct_tag&post=9556"}],"curies":[{"name":"wp","href":"https:\/\/api.w.org\/{rel}","templated":true}]}}