{"id":9568,"date":"2025-01-21T12:10:53","date_gmt":"2025-01-21T15:10:53","guid":{"rendered":"https:\/\/promoalge.com.br\/?post_type=product&#038;p=9568"},"modified":"2025-01-21T12:10:53","modified_gmt":"2025-01-21T15:10:53","slug":"necessaire-nylon-pr-15075g","status":"publish","type":"product","link":"https:\/\/promoalge.com.br\/?product=necessaire-nylon-pr-15075g","title":{"rendered":"N\u00e9cessaire Nylon &#8211; PR 15075G"},"content":{"rendered":"","protected":false},"excerpt":{"rendered":"<p>Descri\u00e7\u00e3o: N\u00e9cessaire confeccionada em nylon. Possui frente e verso com visor telado, z\u00edper superior, al\u00e7a para transporte e al\u00e7a pequena para acesso de chaveiro ou gancho.<\/p>\n<p>Altura :  13,5 cm<\/p>\n<p>Largura :  20,5 cm<\/p>\n<p>Profundidade :  11 cm<\/p>\n<p>Quantidade minima de 50 unidades<\/p>\n","protected":false},"featured_media":9569,"template":"","meta":[],"product_brand":[],"product_cat":[416],"product_tag":[],"class_list":{"0":"post-9568","1":"product","2":"type-product","3":"status-publish","4":"has-post-thumbnail","6":"product_cat-necessaire","8":"first","9":"instock","10":"shipping-taxable","11":"product-type-simple"},"_links":{"self":[{"href":"https:\/\/promoalge.com.br\/index.php?rest_route=\/wp\/v2\/product\/9568","targetHints":{"allow":["GET"]}}],"collection":[{"href":"https:\/\/promoalge.com.br\/index.php?rest_route=\/wp\/v2\/product"}],"about":[{"href":"https:\/\/promoalge.com.br\/index.php?rest_route=\/wp\/v2\/types\/product"}],"wp:featuredmedia":[{"embeddable":true,"href":"https:\/\/promoalge.com.br\/index.php?rest_route=\/wp\/v2\/media\/9569"}],"wp:attachment":[{"href":"https:\/\/promoalge.com.br\/index.php?rest_route=%2Fwp%2Fv2%2Fmedia&parent=9568"}],"wp:term":[{"taxonomy":"product_brand","embeddable":true,"href":"https:\/\/promoalge.com.br\/index.php?rest_route=%2Fwp%2Fv2%2Fproduct_brand&post=9568"},{"taxonomy":"product_cat","embeddable":true,"href":"https:\/\/promoalge.com.br\/index.php?rest_route=%2Fwp%2Fv2%2Fproduct_cat&post=9568"},{"taxonomy":"product_tag","embeddable":true,"href":"https:\/\/promoalge.com.br\/index.php?rest_route=%2Fwp%2Fv2%2Fproduct_tag&post=9568"}],"curies":[{"name":"wp","href":"https:\/\/api.w.org\/{rel}","templated":true}]}}