{"id":9582,"date":"2025-01-21T12:22:15","date_gmt":"2025-01-21T15:22:15","guid":{"rendered":"https:\/\/promoalge.com.br\/?post_type=product&#038;p=9582"},"modified":"2025-01-27T12:18:14","modified_gmt":"2025-01-27T15:18:14","slug":"sacola-de-juta-pr-18841","status":"publish","type":"product","link":"https:\/\/promoalge.com.br\/?product=sacola-de-juta-pr-18841","title":{"rendered":"Sacola de Juta &#8211; PR 18841"},"content":{"rendered":"","protected":false},"excerpt":{"rendered":"<p>Descri\u00e7\u00e3o: Sacola ecol\u00f3gica confeccionada em juta com al\u00e7as costuradas na parte interna.<\/p>\n<p>Altura :  39 cm<\/p>\n<p>Largura :  35 cm<\/p>\n<p>Profundidade :  11,8 cm<\/p>\n<p>Comprimento :  Al\u00e7a: 25 cm<\/p>\n<p>Quantidade minima de 50 unidades<\/p>\n","protected":false},"featured_media":9583,"template":"","meta":[],"product_brand":[],"product_cat":[321,410],"product_tag":[],"class_list":{"0":"post-9582","1":"product","2":"type-product","3":"status-publish","4":"has-post-thumbnail","6":"product_cat-linha-ecologica","7":"product_cat-eventos-pastas-pvc","9":"first","10":"instock","11":"shipping-taxable","12":"product-type-simple"},"_links":{"self":[{"href":"https:\/\/promoalge.com.br\/index.php?rest_route=\/wp\/v2\/product\/9582","targetHints":{"allow":["GET"]}}],"collection":[{"href":"https:\/\/promoalge.com.br\/index.php?rest_route=\/wp\/v2\/product"}],"about":[{"href":"https:\/\/promoalge.com.br\/index.php?rest_route=\/wp\/v2\/types\/product"}],"wp:featuredmedia":[{"embeddable":true,"href":"https:\/\/promoalge.com.br\/index.php?rest_route=\/wp\/v2\/media\/9583"}],"wp:attachment":[{"href":"https:\/\/promoalge.com.br\/index.php?rest_route=%2Fwp%2Fv2%2Fmedia&parent=9582"}],"wp:term":[{"taxonomy":"product_brand","embeddable":true,"href":"https:\/\/promoalge.com.br\/index.php?rest_route=%2Fwp%2Fv2%2Fproduct_brand&post=9582"},{"taxonomy":"product_cat","embeddable":true,"href":"https:\/\/promoalge.com.br\/index.php?rest_route=%2Fwp%2Fv2%2Fproduct_cat&post=9582"},{"taxonomy":"product_tag","embeddable":true,"href":"https:\/\/promoalge.com.br\/index.php?rest_route=%2Fwp%2Fv2%2Fproduct_tag&post=9582"}],"curies":[{"name":"wp","href":"https:\/\/api.w.org\/{rel}","templated":true}]}}