{"id":9584,"date":"2025-01-21T12:24:41","date_gmt":"2025-01-21T15:24:41","guid":{"rendered":"https:\/\/promoalge.com.br\/?post_type=product&#038;p=9584"},"modified":"2025-01-27T12:17:18","modified_gmt":"2025-01-27T15:17:18","slug":"sacola-de-juta-pr-18842","status":"publish","type":"product","link":"https:\/\/promoalge.com.br\/?product=sacola-de-juta-pr-18842","title":{"rendered":"Sacola de Juta &#8211; PR 18842"},"content":{"rendered":"","protected":false},"excerpt":{"rendered":"<p>Descri\u00e7\u00e3o: Versatilidade que vai do mercado \u00e0 praia. Pr\u00e1tica para o dia a dia, nossa sacola \u00e9 feita de juta e conta com bot\u00e3o de fechamento, garantindo mais seguran\u00e7a para os itens. Suas al\u00e7as permitem o uso tanto no ombro quanto na m\u00e3o, oferecendo uma solu\u00e7\u00e3o completa para as suas necessidades di\u00e1rias.<\/p>\n<p>Altura :  34,8 cm<\/p>\n<p>Largura :  46 cm<\/p>\n<p>Profundidade :  13 cm<\/p>\n<p>Comprimento :  Al\u00e7a: 26 cm<\/p>\n<p>Quantidade minima de 50 unidades<\/p>\n","protected":false},"featured_media":9585,"template":"","meta":[],"product_brand":[],"product_cat":[321,410],"product_tag":[],"class_list":{"0":"post-9584","1":"product","2":"type-product","3":"status-publish","4":"has-post-thumbnail","6":"product_cat-linha-ecologica","7":"product_cat-eventos-pastas-pvc","9":"first","10":"instock","11":"shipping-taxable","12":"product-type-simple"},"_links":{"self":[{"href":"https:\/\/promoalge.com.br\/index.php?rest_route=\/wp\/v2\/product\/9584","targetHints":{"allow":["GET"]}}],"collection":[{"href":"https:\/\/promoalge.com.br\/index.php?rest_route=\/wp\/v2\/product"}],"about":[{"href":"https:\/\/promoalge.com.br\/index.php?rest_route=\/wp\/v2\/types\/product"}],"wp:featuredmedia":[{"embeddable":true,"href":"https:\/\/promoalge.com.br\/index.php?rest_route=\/wp\/v2\/media\/9585"}],"wp:attachment":[{"href":"https:\/\/promoalge.com.br\/index.php?rest_route=%2Fwp%2Fv2%2Fmedia&parent=9584"}],"wp:term":[{"taxonomy":"product_brand","embeddable":true,"href":"https:\/\/promoalge.com.br\/index.php?rest_route=%2Fwp%2Fv2%2Fproduct_brand&post=9584"},{"taxonomy":"product_cat","embeddable":true,"href":"https:\/\/promoalge.com.br\/index.php?rest_route=%2Fwp%2Fv2%2Fproduct_cat&post=9584"},{"taxonomy":"product_tag","embeddable":true,"href":"https:\/\/promoalge.com.br\/index.php?rest_route=%2Fwp%2Fv2%2Fproduct_tag&post=9584"}],"curies":[{"name":"wp","href":"https:\/\/api.w.org\/{rel}","templated":true}]}}