{"id":9590,"date":"2025-01-21T13:00:52","date_gmt":"2025-01-21T16:00:52","guid":{"rendered":"https:\/\/promoalge.com.br\/?post_type=product&#038;p=9590"},"modified":"2025-02-13T13:55:25","modified_gmt":"2025-02-13T16:55:25","slug":"kit-vinho-e-utilidades-pr-kt90263","status":"publish","type":"product","link":"https:\/\/promoalge.com.br\/?product=kit-vinho-e-utilidades-pr-kt90263","title":{"rendered":"Kit Vinho E Utilidades &#8211; PR KT90263"},"content":{"rendered":"","protected":false},"excerpt":{"rendered":"<p>Kit com quatro acess\u00f3rios \u00fateis para cozinha em metal cromado brilhante com detalhes em pl\u00e1stico texturizado preto nos cabos, sendo um abridor de latas borboleta, um espremedor de alhos, um alicate quebra-nozes, um saca-rolhas de alavanca dupla com espiral e ta\u00e7as de 490 ml para vinho.<\/p>\n<p>Quantidade minima de 50 unidades<\/p>\n","protected":false},"featured_media":9591,"template":"","meta":[],"product_brand":[],"product_cat":[49],"product_tag":[],"class_list":{"0":"post-9590","1":"product","2":"type-product","3":"status-publish","4":"has-post-thumbnail","6":"product_cat-bar-queijo-vinhos","8":"first","9":"instock","10":"shipping-taxable","11":"product-type-simple"},"_links":{"self":[{"href":"https:\/\/promoalge.com.br\/index.php?rest_route=\/wp\/v2\/product\/9590","targetHints":{"allow":["GET"]}}],"collection":[{"href":"https:\/\/promoalge.com.br\/index.php?rest_route=\/wp\/v2\/product"}],"about":[{"href":"https:\/\/promoalge.com.br\/index.php?rest_route=\/wp\/v2\/types\/product"}],"wp:featuredmedia":[{"embeddable":true,"href":"https:\/\/promoalge.com.br\/index.php?rest_route=\/wp\/v2\/media\/9591"}],"wp:attachment":[{"href":"https:\/\/promoalge.com.br\/index.php?rest_route=%2Fwp%2Fv2%2Fmedia&parent=9590"}],"wp:term":[{"taxonomy":"product_brand","embeddable":true,"href":"https:\/\/promoalge.com.br\/index.php?rest_route=%2Fwp%2Fv2%2Fproduct_brand&post=9590"},{"taxonomy":"product_cat","embeddable":true,"href":"https:\/\/promoalge.com.br\/index.php?rest_route=%2Fwp%2Fv2%2Fproduct_cat&post=9590"},{"taxonomy":"product_tag","embeddable":true,"href":"https:\/\/promoalge.com.br\/index.php?rest_route=%2Fwp%2Fv2%2Fproduct_tag&post=9590"}],"curies":[{"name":"wp","href":"https:\/\/api.w.org\/{rel}","templated":true}]}}