{"id":9594,"date":"2025-01-21T13:06:37","date_gmt":"2025-01-21T16:06:37","guid":{"rendered":"https:\/\/promoalge.com.br\/?post_type=product&#038;p=9594"},"modified":"2025-02-13T13:58:41","modified_gmt":"2025-02-13T16:58:41","slug":"kit-para-pizza-em-bambu-com-acessorios-pr-kt00443","status":"publish","type":"product","link":"https:\/\/promoalge.com.br\/?product=kit-para-pizza-em-bambu-com-acessorios-pr-kt00443","title":{"rendered":"Kit Para Pizza Em Bambu Com Acess\u00f3rios &#8211; PR KT00443"},"content":{"rendered":"","protected":false},"excerpt":{"rendered":"<p>Kit para Pizza. Composto por uma t\u00e1bua redonda com \u00d8 35cm, porta-guardanapos e uma esp\u00e1tula em bambu de 26cm em Bambu; cortador de pizza com cabo em Madeira\/Inox e um jogo de quatro ta\u00e7as de 300ml, acomodados em uma caixa kraft com tampa (ideal para cervejas do tipo premium ou diferentes drinks).<\/p>\n<p>Quantidade minima de 50 unidades<\/p>\n","protected":false},"featured_media":9595,"template":"","meta":[],"product_brand":[],"product_cat":[407],"product_tag":[],"class_list":{"0":"post-9594","1":"product","2":"type-product","3":"status-publish","4":"has-post-thumbnail","6":"product_cat-conjuntos","8":"first","9":"instock","10":"shipping-taxable","11":"product-type-simple"},"_links":{"self":[{"href":"https:\/\/promoalge.com.br\/index.php?rest_route=\/wp\/v2\/product\/9594","targetHints":{"allow":["GET"]}}],"collection":[{"href":"https:\/\/promoalge.com.br\/index.php?rest_route=\/wp\/v2\/product"}],"about":[{"href":"https:\/\/promoalge.com.br\/index.php?rest_route=\/wp\/v2\/types\/product"}],"wp:featuredmedia":[{"embeddable":true,"href":"https:\/\/promoalge.com.br\/index.php?rest_route=\/wp\/v2\/media\/9595"}],"wp:attachment":[{"href":"https:\/\/promoalge.com.br\/index.php?rest_route=%2Fwp%2Fv2%2Fmedia&parent=9594"}],"wp:term":[{"taxonomy":"product_brand","embeddable":true,"href":"https:\/\/promoalge.com.br\/index.php?rest_route=%2Fwp%2Fv2%2Fproduct_brand&post=9594"},{"taxonomy":"product_cat","embeddable":true,"href":"https:\/\/promoalge.com.br\/index.php?rest_route=%2Fwp%2Fv2%2Fproduct_cat&post=9594"},{"taxonomy":"product_tag","embeddable":true,"href":"https:\/\/promoalge.com.br\/index.php?rest_route=%2Fwp%2Fv2%2Fproduct_tag&post=9594"}],"curies":[{"name":"wp","href":"https:\/\/api.w.org\/{rel}","templated":true}]}}