{"id":9600,"date":"2025-01-21T13:14:24","date_gmt":"2025-01-21T16:14:24","guid":{"rendered":"https:\/\/promoalge.com.br\/?post_type=product&#038;p=9600"},"modified":"2025-02-13T14:03:13","modified_gmt":"2025-02-13T17:03:13","slug":"conj-para-churrasco-com-espatula-pr-mx04416","status":"publish","type":"product","link":"https:\/\/promoalge.com.br\/?product=conj-para-churrasco-com-espatula-pr-mx04416","title":{"rendered":"Conj. Para Churrasco com Esp\u00e1tula &#8211; PR MX04416"},"content":{"rendered":"","protected":false},"excerpt":{"rendered":"<p>Kit para Churrasco\/Hamb\u00farguer. Composto por t\u00e1bua em Bambu com sulco retangular; faca 8&#8243;, garfo trinchante e esp\u00e1tula perfurada em Madeira\/Inox.<\/p>\n<p>Quantidade minima de 50 unidades<\/p>\n","protected":false},"featured_media":9601,"template":"","meta":[],"product_brand":[],"product_cat":[412],"product_tag":[],"class_list":{"0":"post-9600","1":"product","2":"type-product","3":"status-publish","4":"has-post-thumbnail","6":"product_cat-kits-churrasco","8":"first","9":"instock","10":"shipping-taxable","11":"product-type-simple"},"_links":{"self":[{"href":"https:\/\/promoalge.com.br\/index.php?rest_route=\/wp\/v2\/product\/9600","targetHints":{"allow":["GET"]}}],"collection":[{"href":"https:\/\/promoalge.com.br\/index.php?rest_route=\/wp\/v2\/product"}],"about":[{"href":"https:\/\/promoalge.com.br\/index.php?rest_route=\/wp\/v2\/types\/product"}],"wp:featuredmedia":[{"embeddable":true,"href":"https:\/\/promoalge.com.br\/index.php?rest_route=\/wp\/v2\/media\/9601"}],"wp:attachment":[{"href":"https:\/\/promoalge.com.br\/index.php?rest_route=%2Fwp%2Fv2%2Fmedia&parent=9600"}],"wp:term":[{"taxonomy":"product_brand","embeddable":true,"href":"https:\/\/promoalge.com.br\/index.php?rest_route=%2Fwp%2Fv2%2Fproduct_brand&post=9600"},{"taxonomy":"product_cat","embeddable":true,"href":"https:\/\/promoalge.com.br\/index.php?rest_route=%2Fwp%2Fv2%2Fproduct_cat&post=9600"},{"taxonomy":"product_tag","embeddable":true,"href":"https:\/\/promoalge.com.br\/index.php?rest_route=%2Fwp%2Fv2%2Fproduct_tag&post=9600"}],"curies":[{"name":"wp","href":"https:\/\/api.w.org\/{rel}","templated":true}]}}